{"id":11592,"date":"2025-12-16T17:36:55","date_gmt":"2025-12-16T15:36:55","guid":{"rendered":"https:\/\/ursus.ee\/toode\/hambahari-step-by-step-3-5-2-pakk-2\/"},"modified":"2026-03-27T16:20:55","modified_gmt":"2026-03-27T14:20:55","slug":"hambahari-step-by-step-3-5-2-pakk-2","status":"publish","type":"product","link":"https:\/\/ursus.ee\/en\/toode\/hambahari-step-by-step-3-5-2-pakk-2\/","title":{"rendered":"Hambahari Step by step 3-5 2-pakk"},"content":{"rendered":"<p>Hambahari Jordan Step 2 on disainitud spetsiaalselt piimahammaste puhastamiseks. Hambaharjal on pehmed harjased ja v\u00e4ike pea. K\u00e4epide on mugav lapsele ja teda abistavale t\u00e4iskasvanule. Kandke hambapasta sinistele harjastele, sellisest kogusest piisab lapse hammaste pesemiseks.<\/p>\n","protected":false},"excerpt":{"rendered":"<p>Hambahari Jordan Step 2 on disainitud spetsiaalselt piimahammaste puhastamiseks. Hambaharjal on pehmed harjased ja v\u00e4ike pea. K\u00e4epide on mugav lapsele ja teda abistavale t\u00e4iskasvanule. Kandke hambapasta sinistele harjastele, sellisest kogusest piisab lapse hammaste pesemiseks.<\/p>\n","protected":false},"featured_media":11593,"comment_status":"closed","ping_status":"open","template":"","meta":{"_acf_changed":false},"product_brand":[312],"product_cat":[313,321],"product_tag":[],"class_list":{"0":"post-11592","1":"product","2":"type-product","3":"status-publish","4":"has-post-thumbnail","6":"product_brand-jordan","7":"product_cat-suuhooldus","8":"product_cat-hambaharjad","9":"pa_kogus-2-tk","10":"pa_paritolumaa-hiina","11":"pa_uhik-tk","13":"first","14":"instock","15":"purchasable","16":"product-type-simple"},"acf":[],"_links":{"self":[{"href":"https:\/\/ursus.ee\/en\/wp-json\/wp\/v2\/product\/11592","targetHints":{"allow":["GET"]}}],"collection":[{"href":"https:\/\/ursus.ee\/en\/wp-json\/wp\/v2\/product"}],"about":[{"href":"https:\/\/ursus.ee\/en\/wp-json\/wp\/v2\/types\/product"}],"replies":[{"embeddable":true,"href":"https:\/\/ursus.ee\/en\/wp-json\/wp\/v2\/comments?post=11592"}],"wp:featuredmedia":[{"embeddable":true,"href":"https:\/\/ursus.ee\/en\/wp-json\/wp\/v2\/media\/11593"}],"wp:attachment":[{"href":"https:\/\/ursus.ee\/en\/wp-json\/wp\/v2\/media?parent=11592"}],"wp:term":[{"taxonomy":"product_brand","embeddable":true,"href":"https:\/\/ursus.ee\/en\/wp-json\/wp\/v2\/product_brand?post=11592"},{"taxonomy":"product_cat","embeddable":true,"href":"https:\/\/ursus.ee\/en\/wp-json\/wp\/v2\/product_cat?post=11592"},{"taxonomy":"product_tag","embeddable":true,"href":"https:\/\/ursus.ee\/en\/wp-json\/wp\/v2\/product_tag?post=11592"}],"curies":[{"name":"wp","href":"https:\/\/api.w.org\/{rel}","templated":true}]}}