{"id":11589,"date":"2025-12-16T17:36:55","date_gmt":"2025-12-16T15:36:55","guid":{"rendered":"https:\/\/ursus.ee\/toode\/hambahari-6-9a-2\/"},"modified":"2026-03-27T16:20:55","modified_gmt":"2026-03-27T14:20:55","slug":"hambahari-6-9a-2","status":"publish","type":"product","link":"https:\/\/ursus.ee\/en\/toode\/hambahari-6-9a-2\/","title":{"rendered":"Hambahari 6-9a"},"content":{"rendered":"<p>6-9 aastaste laste hammaste pesemine on v\u00e4ljakutse. Lapse suus on piima- ja j\u00e4\u00e4vhambad, mille tasapind on eba\u00fchtlase k\u00f5rgusega. Jordan hambaharjale on integreeritud nn.&#8221;soolohari&#8221;, mis ulatub purihammasteni, ulatub raskestiligip\u00e4\u00e4setavatesse hammaste vahedesse ning hammaste ja igemete vahedesse. Pehmed harjased ja disain, mis v\u00f5imaldavad optimaalselt puhastada piima- ja j\u00e4\u00e4vhambaid. Hambapasta indikaator &#8211; kandke pasta sinistele harjastele, see kogus on piisav lapse hammaste pesemiseks. Lisatud harjaste tops.<\/p>\n","protected":false},"excerpt":{"rendered":"<p>6-9 aastaste laste hammaste pesemine on v\u00e4ljakutse. Lapse suus on piima- ja j\u00e4\u00e4vhambad, mille tasapind on eba\u00fchtlase k\u00f5rgusega. Jordan hambaharjale on integreeritud nn.&#8221;soolohari&#8221;, mis ulatub purihammasteni, ulatub raskestiligip\u00e4\u00e4setavatesse hammaste vahedesse ning hammaste ja igemete vahedesse. Pehmed harjased ja disain, mis v\u00f5imaldavad optimaalselt puhastada piima- ja j\u00e4\u00e4vhambaid. Hambapasta indikaator &#8211; kandke pasta sinistele harjastele, see kogus<\/p>\n","protected":false},"featured_media":11590,"comment_status":"closed","ping_status":"open","template":"","meta":{"_acf_changed":false},"product_brand":[312],"product_cat":[313,321],"product_tag":[],"class_list":{"0":"post-11589","1":"product","2":"type-product","3":"status-publish","4":"has-post-thumbnail","6":"product_brand-jordan","7":"product_cat-suuhooldus","8":"product_cat-hambaharjad","9":"pa_kogus-1-tk","10":"pa_paritolumaa-hiina","11":"pa_uhik-tk","13":"first","14":"instock","15":"purchasable","16":"product-type-simple"},"acf":[],"_links":{"self":[{"href":"https:\/\/ursus.ee\/en\/wp-json\/wp\/v2\/product\/11589","targetHints":{"allow":["GET"]}}],"collection":[{"href":"https:\/\/ursus.ee\/en\/wp-json\/wp\/v2\/product"}],"about":[{"href":"https:\/\/ursus.ee\/en\/wp-json\/wp\/v2\/types\/product"}],"replies":[{"embeddable":true,"href":"https:\/\/ursus.ee\/en\/wp-json\/wp\/v2\/comments?post=11589"}],"wp:featuredmedia":[{"embeddable":true,"href":"https:\/\/ursus.ee\/en\/wp-json\/wp\/v2\/media\/11590"}],"wp:attachment":[{"href":"https:\/\/ursus.ee\/en\/wp-json\/wp\/v2\/media?parent=11589"}],"wp:term":[{"taxonomy":"product_brand","embeddable":true,"href":"https:\/\/ursus.ee\/en\/wp-json\/wp\/v2\/product_brand?post=11589"},{"taxonomy":"product_cat","embeddable":true,"href":"https:\/\/ursus.ee\/en\/wp-json\/wp\/v2\/product_cat?post=11589"},{"taxonomy":"product_tag","embeddable":true,"href":"https:\/\/ursus.ee\/en\/wp-json\/wp\/v2\/product_tag?post=11589"}],"curies":[{"name":"wp","href":"https:\/\/api.w.org\/{rel}","templated":true}]}}