{"id":11581,"date":"2025-12-16T17:36:55","date_gmt":"2025-12-16T15:36:55","guid":{"rendered":"https:\/\/ursus.ee\/toode\/hambahari-0-2a-extrasoft-2\/"},"modified":"2026-03-27T16:20:54","modified_gmt":"2026-03-27T14:20:54","slug":"hambahari-0-2a-extrasoft-2","status":"publish","type":"product","link":"https:\/\/ursus.ee\/en\/toode\/hambahari-0-2a-extrasoft-2\/","title":{"rendered":"Hambahari 0-2a Extrasoft"},"content":{"rendered":"<p>Eriti pehmete harjastega hambahari on disainitud spetsiaalselt beebi esimeste hammaste hooldamiseks. N\u00e4rimisr\u00f5ngas on igemete stimuleerimiseks, l\u00fchike harja kael v\u00e4ldib harja sattumist kurku. K\u00e4epide on mugav lapsele ja t\u00e4iskasvanule. Hambapasta indikaator &#8211; hambapasta kandke sinistele harjastele.<\/p>\n","protected":false},"excerpt":{"rendered":"<p>Eriti pehmete harjastega hambahari on disainitud spetsiaalselt beebi esimeste hammaste hooldamiseks. N\u00e4rimisr\u00f5ngas on igemete stimuleerimiseks, l\u00fchike harja kael v\u00e4ldib harja sattumist kurku. K\u00e4epide on mugav lapsele ja t\u00e4iskasvanule. Hambapasta indikaator &#8211; hambapasta kandke sinistele harjastele.<\/p>\n","protected":false},"featured_media":11582,"comment_status":"closed","ping_status":"open","template":"","meta":{"_acf_changed":false},"product_brand":[312],"product_cat":[313,321],"product_tag":[],"class_list":{"0":"post-11581","1":"product","2":"type-product","3":"status-publish","4":"has-post-thumbnail","6":"product_brand-jordan","7":"product_cat-suuhooldus","8":"product_cat-hambaharjad","9":"pa_kogus-1-tk","10":"pa_paritolumaa-taiwan","11":"pa_uhik-tk","13":"first","14":"instock","15":"purchasable","16":"product-type-simple"},"acf":[],"_links":{"self":[{"href":"https:\/\/ursus.ee\/en\/wp-json\/wp\/v2\/product\/11581","targetHints":{"allow":["GET"]}}],"collection":[{"href":"https:\/\/ursus.ee\/en\/wp-json\/wp\/v2\/product"}],"about":[{"href":"https:\/\/ursus.ee\/en\/wp-json\/wp\/v2\/types\/product"}],"replies":[{"embeddable":true,"href":"https:\/\/ursus.ee\/en\/wp-json\/wp\/v2\/comments?post=11581"}],"wp:featuredmedia":[{"embeddable":true,"href":"https:\/\/ursus.ee\/en\/wp-json\/wp\/v2\/media\/11582"}],"wp:attachment":[{"href":"https:\/\/ursus.ee\/en\/wp-json\/wp\/v2\/media?parent=11581"}],"wp:term":[{"taxonomy":"product_brand","embeddable":true,"href":"https:\/\/ursus.ee\/en\/wp-json\/wp\/v2\/product_brand?post=11581"},{"taxonomy":"product_cat","embeddable":true,"href":"https:\/\/ursus.ee\/en\/wp-json\/wp\/v2\/product_cat?post=11581"},{"taxonomy":"product_tag","embeddable":true,"href":"https:\/\/ursus.ee\/en\/wp-json\/wp\/v2\/product_tag?post=11581"}],"curies":[{"name":"wp","href":"https:\/\/api.w.org\/{rel}","templated":true}]}}