{"id":11575,"date":"2025-12-16T17:35:27","date_gmt":"2025-12-16T15:35:27","guid":{"rendered":"https:\/\/ursus.ee\/toode\/hambahari-individual-reach-medium-2\/"},"modified":"2026-03-27T16:20:55","modified_gmt":"2026-03-27T14:20:55","slug":"hambahari-individual-reach-medium-2","status":"publish","type":"product","link":"https:\/\/ursus.ee\/en\/toode\/hambahari-individual-reach-medium-2\/","title":{"rendered":"Hambahari Individual Reach Medium"},"content":{"rendered":"<p>Keskmise tugevusega harjastega hambahari Individual Reach. Harjased ulatuvad ka raskestipuhastatavatesse piirkondadesse. V\u00e4ike harjastepea. V\u00e4ike k\u00e4epide, mis tagab d\u00fcnaamilise haarde ja t\u00e4pse puhastamise.<\/p>\n","protected":false},"excerpt":{"rendered":"<p>Keskmise tugevusega harjastega hambahari Individual Reach. Harjased ulatuvad ka raskestipuhastatavatesse piirkondadesse. V\u00e4ike harjastepea. V\u00e4ike k\u00e4epide, mis tagab d\u00fcnaamilise haarde ja t\u00e4pse puhastamise.<\/p>\n","protected":false},"featured_media":11576,"comment_status":"closed","ping_status":"open","template":"","meta":{"_acf_changed":false},"product_brand":[312],"product_cat":[313,321],"product_tag":[],"class_list":{"0":"post-11575","1":"product","2":"type-product","3":"status-publish","4":"has-post-thumbnail","6":"product_brand-jordan","7":"product_cat-suuhooldus","8":"product_cat-hambaharjad","9":"pa_kogus-1-tk","10":"pa_paritolumaa-malaisia","11":"pa_uhik-tk","13":"first","14":"instock","15":"purchasable","16":"product-type-simple"},"acf":[],"_links":{"self":[{"href":"https:\/\/ursus.ee\/en\/wp-json\/wp\/v2\/product\/11575","targetHints":{"allow":["GET"]}}],"collection":[{"href":"https:\/\/ursus.ee\/en\/wp-json\/wp\/v2\/product"}],"about":[{"href":"https:\/\/ursus.ee\/en\/wp-json\/wp\/v2\/types\/product"}],"replies":[{"embeddable":true,"href":"https:\/\/ursus.ee\/en\/wp-json\/wp\/v2\/comments?post=11575"}],"wp:featuredmedia":[{"embeddable":true,"href":"https:\/\/ursus.ee\/en\/wp-json\/wp\/v2\/media\/11576"}],"wp:attachment":[{"href":"https:\/\/ursus.ee\/en\/wp-json\/wp\/v2\/media?parent=11575"}],"wp:term":[{"taxonomy":"product_brand","embeddable":true,"href":"https:\/\/ursus.ee\/en\/wp-json\/wp\/v2\/product_brand?post=11575"},{"taxonomy":"product_cat","embeddable":true,"href":"https:\/\/ursus.ee\/en\/wp-json\/wp\/v2\/product_cat?post=11575"},{"taxonomy":"product_tag","embeddable":true,"href":"https:\/\/ursus.ee\/en\/wp-json\/wp\/v2\/product_tag?post=11575"}],"curies":[{"name":"wp","href":"https:\/\/api.w.org\/{rel}","templated":true}]}}