{"id":11567,"date":"2025-12-16T17:35:27","date_gmt":"2025-12-16T15:35:27","guid":{"rendered":"https:\/\/ursus.ee\/toode\/hambahari-hello-smile-9a-magnetkaepide-2\/"},"modified":"2026-03-27T16:20:55","modified_gmt":"2026-03-27T14:20:55","slug":"hambahari-hello-smile-9a-magnetkaepide-2","status":"publish","type":"product","link":"https:\/\/ursus.ee\/en\/toode\/hambahari-hello-smile-9a-magnetkaepide-2\/","title":{"rendered":"Hambahari Hello Smile 9+a magnetk\u00e4epide"},"content":{"rendered":"<p>Jordan hambahari Hello Smile on kohandatud kogu suu puhastamiseks &#8211; hambad, igemed ja keel!\u00a0Pea tagak\u00fcljel on keele puhastaja, mis puhastab k\u00f5ik bakterid, mis v\u00f5ivad p\u00f5hjustada halba hinge\u00f5hku.\u00a0K\u00e4epideme sisseehitatud magnet v\u00f5imaldab kergesti hoida hambaharja h\u00fcgieenilisena harjamiste vahel.\u00a0Kinnitage metallriba vannitoa plaadi v\u00f5i peegli k\u00fclge ja kl\u00f5psake hambahari sinna k\u00fclge. Hambaharjal on v\u00e4iksem pehmete harjastega pea ja ergonoomiline k\u00e4epide, mis on spetsiaalselt loodud lastele vanuses 9-12 aastat.<\/p>\n","protected":false},"excerpt":{"rendered":"<p>Jordan hambahari Hello Smile on kohandatud kogu suu puhastamiseks &#8211; hambad, igemed ja keel!\u00a0Pea tagak\u00fcljel on keele puhastaja, mis puhastab k\u00f5ik bakterid, mis v\u00f5ivad p\u00f5hjustada halba hinge\u00f5hku.\u00a0K\u00e4epideme sisseehitatud magnet v\u00f5imaldab kergesti hoida hambaharja h\u00fcgieenilisena harjamiste vahel.\u00a0Kinnitage metallriba vannitoa plaadi v\u00f5i peegli k\u00fclge ja kl\u00f5psake hambahari sinna k\u00fclge. Hambaharjal on v\u00e4iksem pehmete harjastega pea ja ergonoomiline<\/p>\n","protected":false},"featured_media":11568,"comment_status":"closed","ping_status":"open","template":"","meta":{"_acf_changed":false},"product_brand":[312],"product_cat":[313,321],"product_tag":[],"class_list":{"0":"post-11567","1":"product","2":"type-product","3":"status-publish","4":"has-post-thumbnail","6":"product_brand-jordan","7":"product_cat-suuhooldus","8":"product_cat-hambaharjad","9":"pa_kogus-1-tk","10":"pa_paritolumaa-malaisia","11":"pa_uhik-tk","13":"first","14":"instock","15":"purchasable","16":"product-type-simple"},"acf":[],"_links":{"self":[{"href":"https:\/\/ursus.ee\/en\/wp-json\/wp\/v2\/product\/11567","targetHints":{"allow":["GET"]}}],"collection":[{"href":"https:\/\/ursus.ee\/en\/wp-json\/wp\/v2\/product"}],"about":[{"href":"https:\/\/ursus.ee\/en\/wp-json\/wp\/v2\/types\/product"}],"replies":[{"embeddable":true,"href":"https:\/\/ursus.ee\/en\/wp-json\/wp\/v2\/comments?post=11567"}],"wp:featuredmedia":[{"embeddable":true,"href":"https:\/\/ursus.ee\/en\/wp-json\/wp\/v2\/media\/11568"}],"wp:attachment":[{"href":"https:\/\/ursus.ee\/en\/wp-json\/wp\/v2\/media?parent=11567"}],"wp:term":[{"taxonomy":"product_brand","embeddable":true,"href":"https:\/\/ursus.ee\/en\/wp-json\/wp\/v2\/product_brand?post=11567"},{"taxonomy":"product_cat","embeddable":true,"href":"https:\/\/ursus.ee\/en\/wp-json\/wp\/v2\/product_cat?post=11567"},{"taxonomy":"product_tag","embeddable":true,"href":"https:\/\/ursus.ee\/en\/wp-json\/wp\/v2\/product_tag?post=11567"}],"curies":[{"name":"wp","href":"https:\/\/api.w.org\/{rel}","templated":true}]}}