{"id":11561,"date":"2025-12-16T17:35:27","date_gmt":"2025-12-16T15:35:27","guid":{"rendered":"https:\/\/ursus.ee\/toode\/hambahari-green-clean-soft-2\/"},"modified":"2026-03-27T16:20:55","modified_gmt":"2026-03-27T14:20:55","slug":"hambahari-green-clean-soft-2","status":"publish","type":"product","link":"https:\/\/ursus.ee\/en\/toode\/hambahari-green-clean-soft-2\/","title":{"rendered":"Hambahari Green Clean Soft"},"content":{"rendered":"<p>Hambahari, mis on disainitud keskkonda silmas pidades:<br \/>\n&#8211; K\u00e4epide on valmistatud taaskasutatud plastikust.<br \/>\n&#8211; Harjased (extrasoft) on biotoorainel p\u00f5hinevast nailonist, mida toodetakse taastuvast toorainest riitsinusest.<br \/>\n&#8211; Paberpakend on paberit\u00f6\u00f6stuse j\u00e4\u00e4kidest.<\/p>\n","protected":false},"excerpt":{"rendered":"<p>Hambahari, mis on disainitud keskkonda silmas pidades: &#8211; K\u00e4epide on valmistatud taaskasutatud plastikust. &#8211; Harjased (extrasoft) on biotoorainel p\u00f5hinevast nailonist, mida toodetakse taastuvast toorainest riitsinusest. &#8211; Paberpakend on paberit\u00f6\u00f6stuse j\u00e4\u00e4kidest.<\/p>\n","protected":false},"featured_media":11562,"comment_status":"closed","ping_status":"open","template":"","meta":{"_acf_changed":false},"product_brand":[312],"product_cat":[313,321],"product_tag":[],"class_list":{"0":"post-11561","1":"product","2":"type-product","3":"status-publish","4":"has-post-thumbnail","6":"product_brand-jordan","7":"product_cat-suuhooldus","8":"product_cat-hambaharjad","9":"pa_kogus-1-tk","10":"pa_paritolumaa-malaisia","11":"pa_uhik-tk","13":"first","14":"instock","15":"purchasable","16":"product-type-simple"},"acf":[],"_links":{"self":[{"href":"https:\/\/ursus.ee\/en\/wp-json\/wp\/v2\/product\/11561","targetHints":{"allow":["GET"]}}],"collection":[{"href":"https:\/\/ursus.ee\/en\/wp-json\/wp\/v2\/product"}],"about":[{"href":"https:\/\/ursus.ee\/en\/wp-json\/wp\/v2\/types\/product"}],"replies":[{"embeddable":true,"href":"https:\/\/ursus.ee\/en\/wp-json\/wp\/v2\/comments?post=11561"}],"wp:featuredmedia":[{"embeddable":true,"href":"https:\/\/ursus.ee\/en\/wp-json\/wp\/v2\/media\/11562"}],"wp:attachment":[{"href":"https:\/\/ursus.ee\/en\/wp-json\/wp\/v2\/media?parent=11561"}],"wp:term":[{"taxonomy":"product_brand","embeddable":true,"href":"https:\/\/ursus.ee\/en\/wp-json\/wp\/v2\/product_brand?post=11561"},{"taxonomy":"product_cat","embeddable":true,"href":"https:\/\/ursus.ee\/en\/wp-json\/wp\/v2\/product_cat?post=11561"},{"taxonomy":"product_tag","embeddable":true,"href":"https:\/\/ursus.ee\/en\/wp-json\/wp\/v2\/product_tag?post=11561"}],"curies":[{"name":"wp","href":"https:\/\/api.w.org\/{rel}","templated":true}]}}