{"id":11555,"date":"2025-12-16T17:35:27","date_gmt":"2025-12-16T15:35:27","guid":{"rendered":"https:\/\/ursus.ee\/toode\/hambahari-green-clean-5-10a-extrasoft-2\/"},"modified":"2026-03-27T16:20:55","modified_gmt":"2026-03-27T14:20:55","slug":"hambahari-green-clean-5-10a-extrasoft-2","status":"publish","type":"product","link":"https:\/\/ursus.ee\/en\/toode\/hambahari-green-clean-5-10a-extrasoft-2\/","title":{"rendered":"Hambahari Green Clean 5-10a Extrasoft"},"content":{"rendered":"<p>Suurep\u00e4rane funktsionaalsus ja s\u00e4\u00e4stvad materjalid:<br \/>\n\u2022 100% TAASKASUTATUD MATERJALIST K\u00c4EPIDE: K\u00e4epide on valmistatud taaskasutatud pol\u00fcprop\u00fcleenist (PP), mis vastab ravimiameti regulatsioonidele ning mille toormeks on peamiselt todiupakendid, n\u00e4iteks jogurtitopsid.<br \/>\n\u2022 100% TAASKASUTATUD MATERJALIST PAKEND: Valmistatud paberi- ja j\u00e4\u00e4tmek\u00e4itlustt\u00f6\u00f6stusest p\u00e4rit paberij\u00e4\u00e4kidest.<br \/>\n\u2022 BIOTOORMEST HARJASED: Harjased on valmistatud nailonist, mida toodetakse taastuvast toormest riitsinusest<\/p>\n","protected":false},"excerpt":{"rendered":"<p>Suurep\u00e4rane funktsionaalsus ja s\u00e4\u00e4stvad materjalid: \u2022 100% TAASKASUTATUD MATERJALIST K\u00c4EPIDE: K\u00e4epide on valmistatud taaskasutatud pol\u00fcprop\u00fcleenist (PP), mis vastab ravimiameti regulatsioonidele ning mille toormeks on peamiselt todiupakendid, n\u00e4iteks jogurtitopsid. \u2022 100% TAASKASUTATUD MATERJALIST PAKEND: Valmistatud paberi- ja j\u00e4\u00e4tmek\u00e4itlustt\u00f6\u00f6stusest p\u00e4rit paberij\u00e4\u00e4kidest. \u2022 BIOTOORMEST HARJASED: Harjased on valmistatud nailonist, mida toodetakse taastuvast toormest riitsinusest<\/p>\n","protected":false},"featured_media":11556,"comment_status":"closed","ping_status":"open","template":"","meta":{"_acf_changed":false},"product_brand":[312],"product_cat":[313,321],"product_tag":[],"class_list":{"0":"post-11555","1":"product","2":"type-product","3":"status-publish","4":"has-post-thumbnail","6":"product_brand-jordan","7":"product_cat-suuhooldus","8":"product_cat-hambaharjad","9":"pa_kogus-1-tk","10":"pa_paritolumaa-malaisia","11":"pa_uhik-tk","13":"first","14":"instock","15":"purchasable","16":"product-type-simple"},"acf":[],"_links":{"self":[{"href":"https:\/\/ursus.ee\/en\/wp-json\/wp\/v2\/product\/11555","targetHints":{"allow":["GET"]}}],"collection":[{"href":"https:\/\/ursus.ee\/en\/wp-json\/wp\/v2\/product"}],"about":[{"href":"https:\/\/ursus.ee\/en\/wp-json\/wp\/v2\/types\/product"}],"replies":[{"embeddable":true,"href":"https:\/\/ursus.ee\/en\/wp-json\/wp\/v2\/comments?post=11555"}],"wp:featuredmedia":[{"embeddable":true,"href":"https:\/\/ursus.ee\/en\/wp-json\/wp\/v2\/media\/11556"}],"wp:attachment":[{"href":"https:\/\/ursus.ee\/en\/wp-json\/wp\/v2\/media?parent=11555"}],"wp:term":[{"taxonomy":"product_brand","embeddable":true,"href":"https:\/\/ursus.ee\/en\/wp-json\/wp\/v2\/product_brand?post=11555"},{"taxonomy":"product_cat","embeddable":true,"href":"https:\/\/ursus.ee\/en\/wp-json\/wp\/v2\/product_cat?post=11555"},{"taxonomy":"product_tag","embeddable":true,"href":"https:\/\/ursus.ee\/en\/wp-json\/wp\/v2\/product_tag?post=11555"}],"curies":[{"name":"wp","href":"https:\/\/api.w.org\/{rel}","templated":true}]}}