{"id":11553,"date":"2025-12-16T17:35:27","date_gmt":"2025-12-16T15:35:27","guid":{"rendered":"https:\/\/ursus.ee\/toode\/hambahari-green-clean-baby-0-2-2\/"},"modified":"2026-03-27T16:20:55","modified_gmt":"2026-03-27T14:20:55","slug":"hambahari-green-clean-baby-0-2-2","status":"publish","type":"product","link":"https:\/\/ursus.ee\/en\/toode\/hambahari-green-clean-baby-0-2-2\/","title":{"rendered":"Hambahari Green Clean Baby 0-2"},"content":{"rendered":"<p>Jordan Green Clean beebide hambahari vanusele 0-2 \u00fchendab endas suurep\u00e4rase funktsionaalsuses, moodsa disaini ja keskkonnas\u00f5bralikud materjalid. Green Clean beebide harja k\u00e4epide valmistatud 84% taaskasutatud materjalist, mis p\u00e4rineb toiduainet\u00f6\u00f6stusest, n\u00e4iteks jogurtitopsid. Samuti on tal eriti pehmed biotoormest harjased ja taaskasutatud papist pakend.Jordan Green Clean beebide hambahari on valmistatud selliselt, et esimene harjamise kogemus oleks hea. Eriti pehmete harjastega hambahari on disainitud spetsiaalselt beebi esimeste hammaste hooldamiseks. N\u00e4rimisr\u00f5ngas on igemete stimuleerimiseks, l\u00fchike harja kael v\u00e4ldib harja sattumist kurku. K\u00e4epide on mugav lapsele ja t\u00e4iskasvanule, sellises vanuses peaksid beebid kasutama hambaharja vanema juuresolekul.Green Clean beebide hambahari aitab teha esimesed sammud tervislikul ja \u00f5nnelikul suuh\u00fcgieeni rutiini loomise teel.<\/p>\n","protected":false},"excerpt":{"rendered":"<p>Jordan Green Clean beebide hambahari vanusele 0-2 \u00fchendab endas suurep\u00e4rase funktsionaalsuses, moodsa disaini ja keskkonnas\u00f5bralikud materjalid. Green Clean beebide harja k\u00e4epide valmistatud 84% taaskasutatud materjalist, mis p\u00e4rineb toiduainet\u00f6\u00f6stusest, n\u00e4iteks jogurtitopsid. Samuti on tal eriti pehmed biotoormest harjased ja taaskasutatud papist pakend.Jordan Green Clean beebide hambahari on valmistatud selliselt, et esimene harjamise kogemus oleks hea. Eriti<\/p>\n","protected":false},"featured_media":11554,"comment_status":"closed","ping_status":"open","template":"","meta":{"_acf_changed":false},"product_brand":[312],"product_cat":[313,321],"product_tag":[],"class_list":{"0":"post-11553","1":"product","2":"type-product","3":"status-publish","4":"has-post-thumbnail","6":"product_brand-jordan","7":"product_cat-suuhooldus","8":"product_cat-hambaharjad","9":"pa_kogus-1-tk","10":"pa_paritolumaa-malaisia","11":"pa_uhik-tk","13":"first","14":"instock","15":"purchasable","16":"product-type-simple"},"acf":[],"_links":{"self":[{"href":"https:\/\/ursus.ee\/en\/wp-json\/wp\/v2\/product\/11553","targetHints":{"allow":["GET"]}}],"collection":[{"href":"https:\/\/ursus.ee\/en\/wp-json\/wp\/v2\/product"}],"about":[{"href":"https:\/\/ursus.ee\/en\/wp-json\/wp\/v2\/types\/product"}],"replies":[{"embeddable":true,"href":"https:\/\/ursus.ee\/en\/wp-json\/wp\/v2\/comments?post=11553"}],"wp:featuredmedia":[{"embeddable":true,"href":"https:\/\/ursus.ee\/en\/wp-json\/wp\/v2\/media\/11554"}],"wp:attachment":[{"href":"https:\/\/ursus.ee\/en\/wp-json\/wp\/v2\/media?parent=11553"}],"wp:term":[{"taxonomy":"product_brand","embeddable":true,"href":"https:\/\/ursus.ee\/en\/wp-json\/wp\/v2\/product_brand?post=11553"},{"taxonomy":"product_cat","embeddable":true,"href":"https:\/\/ursus.ee\/en\/wp-json\/wp\/v2\/product_cat?post=11553"},{"taxonomy":"product_tag","embeddable":true,"href":"https:\/\/ursus.ee\/en\/wp-json\/wp\/v2\/product_tag?post=11553"}],"curies":[{"name":"wp","href":"https:\/\/api.w.org\/{rel}","templated":true}]}}