{"id":11543,"date":"2025-12-16T17:35:27","date_gmt":"2025-12-16T15:35:27","guid":{"rendered":"https:\/\/ursus.ee\/toode\/hambahari-gum-protector-supersoft-2\/"},"modified":"2026-03-27T16:20:55","modified_gmt":"2026-03-27T14:20:55","slug":"hambahari-gum-protector-supersoft-2","status":"publish","type":"product","link":"https:\/\/ursus.ee\/en\/toode\/hambahari-gum-protector-supersoft-2\/","title":{"rendered":"Hambahari Gum Protector Supersoft"},"content":{"rendered":"<p>\u00d5rn puhastus hambaemailile\u2013 \u00fclipeenikeste tippudega harjased tagavad \u00f5rna kuid p\u00f5hjaliku puhastmise. Hea ulatuvus \u2013 erilised harjased ulatuvad hamba vahedesse ja tagavad eriti puhtad hambad. Gum Protector hambaharjal on k\u00e4epidemes unikaalne liiga tugevat harjamist \u00e4ra hoidev s\u00fcsteem. Liiga tugeval harjamisel paindub hambahari tagasi ja annab kl\u00f5psuga m\u00e4rku. Mehhanism paikneb k\u00e4epideme \u00fchenduskohas ja liiga tugeval harjamisel on tunda p\u00f6idla all kl\u00f5psatust. Kui see juhtub, v\u00e4hendate survet automaatselt ja puhastate oma hambaid \u00f5rnemalt. Keskmise suurusega harja pea. 82% taaskasutatud plastikust.<\/p>\n","protected":false},"excerpt":{"rendered":"<p>\u00d5rn puhastus hambaemailile\u2013 \u00fclipeenikeste tippudega harjased tagavad \u00f5rna kuid p\u00f5hjaliku puhastmise. Hea ulatuvus \u2013 erilised harjased ulatuvad hamba vahedesse ja tagavad eriti puhtad hambad. Gum Protector hambaharjal on k\u00e4epidemes unikaalne liiga tugevat harjamist \u00e4ra hoidev s\u00fcsteem. Liiga tugeval harjamisel paindub hambahari tagasi ja annab kl\u00f5psuga m\u00e4rku. Mehhanism paikneb k\u00e4epideme \u00fchenduskohas ja liiga tugeval harjamisel on<\/p>\n","protected":false},"featured_media":11544,"comment_status":"closed","ping_status":"open","template":"","meta":{"_acf_changed":false},"product_brand":[312],"product_cat":[313,321],"product_tag":[],"class_list":{"0":"post-11543","1":"product","2":"type-product","3":"status-publish","4":"has-post-thumbnail","6":"product_brand-jordan","7":"product_cat-suuhooldus","8":"product_cat-hambaharjad","9":"pa_kogus-1-tk","10":"pa_paritolumaa-malaisia","11":"pa_uhik-tk","13":"first","14":"instock","15":"purchasable","16":"product-type-simple"},"acf":[],"_links":{"self":[{"href":"https:\/\/ursus.ee\/en\/wp-json\/wp\/v2\/product\/11543","targetHints":{"allow":["GET"]}}],"collection":[{"href":"https:\/\/ursus.ee\/en\/wp-json\/wp\/v2\/product"}],"about":[{"href":"https:\/\/ursus.ee\/en\/wp-json\/wp\/v2\/types\/product"}],"replies":[{"embeddable":true,"href":"https:\/\/ursus.ee\/en\/wp-json\/wp\/v2\/comments?post=11543"}],"wp:featuredmedia":[{"embeddable":true,"href":"https:\/\/ursus.ee\/en\/wp-json\/wp\/v2\/media\/11544"}],"wp:attachment":[{"href":"https:\/\/ursus.ee\/en\/wp-json\/wp\/v2\/media?parent=11543"}],"wp:term":[{"taxonomy":"product_brand","embeddable":true,"href":"https:\/\/ursus.ee\/en\/wp-json\/wp\/v2\/product_brand?post=11543"},{"taxonomy":"product_cat","embeddable":true,"href":"https:\/\/ursus.ee\/en\/wp-json\/wp\/v2\/product_cat?post=11543"},{"taxonomy":"product_tag","embeddable":true,"href":"https:\/\/ursus.ee\/en\/wp-json\/wp\/v2\/product_tag?post=11543"}],"curies":[{"name":"wp","href":"https:\/\/api.w.org\/{rel}","templated":true}]}}