{"id":11525,"date":"2025-12-16T17:35:27","date_gmt":"2025-12-16T15:35:27","guid":{"rendered":"https:\/\/ursus.ee\/toode\/hambahari-change-green-clean-medium-4-vahetusharja-2\/"},"modified":"2026-03-27T16:20:55","modified_gmt":"2026-03-27T14:20:55","slug":"hambahari-change-green-clean-medium-4-vahetusharja-2","status":"publish","type":"product","link":"https:\/\/ursus.ee\/en\/toode\/hambahari-change-green-clean-medium-4-vahetusharja-2\/","title":{"rendered":"Hambahari Change Green Clean Medium 4-vahetusharja"},"content":{"rendered":"<p>Change Green Cleanil on k\u00e4epide, mis on valmistatud 100% taaskasutatud plastist ja biotoormest harjastest. Sellel on nii meie auhinnatud hambaharja Green Clean v\u00e4limus kui ka tunne, kuid n\u00fc\u00fcd on see planeedi jaoks veelgi parem. S\u00e4\u00e4state 82% plastij\u00e4\u00e4tmeid iga kord, kui lihtsalt harjapead vahetate. Pakendis on k\u00e4epide ja 4 vahetatavat harjapead.<\/p>\n","protected":false},"excerpt":{"rendered":"<p>Change Green Cleanil on k\u00e4epide, mis on valmistatud 100% taaskasutatud plastist ja biotoormest harjastest. Sellel on nii meie auhinnatud hambaharja Green Clean v\u00e4limus kui ka tunne, kuid n\u00fc\u00fcd on see planeedi jaoks veelgi parem. S\u00e4\u00e4state 82% plastij\u00e4\u00e4tmeid iga kord, kui lihtsalt harjapead vahetate. Pakendis on k\u00e4epide ja 4 vahetatavat harjapead.<\/p>\n","protected":false},"featured_media":11526,"comment_status":"closed","ping_status":"open","template":"","meta":{"_acf_changed":false},"product_brand":[312],"product_cat":[313,321],"product_tag":[],"class_list":{"0":"post-11525","1":"product","2":"type-product","3":"status-publish","4":"has-post-thumbnail","6":"product_brand-jordan","7":"product_cat-suuhooldus","8":"product_cat-hambaharjad","9":"pa_kogus-1-kompl","10":"pa_paritolumaa-malaisia","11":"pa_uhik-kompl","13":"first","14":"instock","15":"purchasable","16":"product-type-simple"},"acf":[],"_links":{"self":[{"href":"https:\/\/ursus.ee\/en\/wp-json\/wp\/v2\/product\/11525","targetHints":{"allow":["GET"]}}],"collection":[{"href":"https:\/\/ursus.ee\/en\/wp-json\/wp\/v2\/product"}],"about":[{"href":"https:\/\/ursus.ee\/en\/wp-json\/wp\/v2\/types\/product"}],"replies":[{"embeddable":true,"href":"https:\/\/ursus.ee\/en\/wp-json\/wp\/v2\/comments?post=11525"}],"wp:featuredmedia":[{"embeddable":true,"href":"https:\/\/ursus.ee\/en\/wp-json\/wp\/v2\/media\/11526"}],"wp:attachment":[{"href":"https:\/\/ursus.ee\/en\/wp-json\/wp\/v2\/media?parent=11525"}],"wp:term":[{"taxonomy":"product_brand","embeddable":true,"href":"https:\/\/ursus.ee\/en\/wp-json\/wp\/v2\/product_brand?post=11525"},{"taxonomy":"product_cat","embeddable":true,"href":"https:\/\/ursus.ee\/en\/wp-json\/wp\/v2\/product_cat?post=11525"},{"taxonomy":"product_tag","embeddable":true,"href":"https:\/\/ursus.ee\/en\/wp-json\/wp\/v2\/product_tag?post=11525"}],"curies":[{"name":"wp","href":"https:\/\/api.w.org\/{rel}","templated":true}]}}