{"id":11521,"date":"2025-12-16T17:35:27","date_gmt":"2025-12-16T15:35:27","guid":{"rendered":"https:\/\/ursus.ee\/toode\/elektrilise-hambaharja-vahetushari-white-4\/"},"modified":"2026-03-27T16:20:54","modified_gmt":"2026-03-27T14:20:54","slug":"elektrilise-hambaharja-vahetushari-white-4","status":"publish","type":"product","link":"https:\/\/ursus.ee\/en\/toode\/elektrilise-hambaharja-vahetushari-white-4\/","title":{"rendered":"Elektrilise hambaharja vahetushari White"},"content":{"rendered":"<p>WhiteTech\u2122 tehnoloogial valmistatud harjased eemaldavad hammastelt igap\u00e4evased plekid ja hoiab hambad loomulikult valged. Pakendis on 4 eri v\u00e4rvidega m\u00e4rgistatud vahetusharja, mis \u00fchilduvad Jordan elektrilise hambaharja v\u00f5i enamuse OralB\u00ae hambaharja mudelitega.<\/p>\n","protected":false},"excerpt":{"rendered":"<p>WhiteTech\u2122 tehnoloogial valmistatud harjased eemaldavad hammastelt igap\u00e4evased plekid ja hoiab hambad loomulikult valged. Pakendis on 4 eri v\u00e4rvidega m\u00e4rgistatud vahetusharja, mis \u00fchilduvad Jordan elektrilise hambaharja v\u00f5i enamuse OralB\u00ae hambaharja mudelitega.<\/p>\n","protected":false},"featured_media":11522,"comment_status":"closed","ping_status":"open","template":"","meta":{"_acf_changed":false},"product_brand":[312],"product_cat":[313,314],"product_tag":[],"class_list":{"0":"post-11521","1":"product","2":"type-product","3":"status-publish","4":"has-post-thumbnail","6":"product_brand-jordan","7":"product_cat-suuhooldus","8":"product_cat-elektrilised-hambaharjad","9":"pa_kogus-4-tk","10":"pa_paritolumaa-hiina","11":"pa_uhik-tk","13":"first","14":"instock","15":"purchasable","16":"product-type-simple"},"acf":[],"_links":{"self":[{"href":"https:\/\/ursus.ee\/en\/wp-json\/wp\/v2\/product\/11521","targetHints":{"allow":["GET"]}}],"collection":[{"href":"https:\/\/ursus.ee\/en\/wp-json\/wp\/v2\/product"}],"about":[{"href":"https:\/\/ursus.ee\/en\/wp-json\/wp\/v2\/types\/product"}],"replies":[{"embeddable":true,"href":"https:\/\/ursus.ee\/en\/wp-json\/wp\/v2\/comments?post=11521"}],"wp:featuredmedia":[{"embeddable":true,"href":"https:\/\/ursus.ee\/en\/wp-json\/wp\/v2\/media\/11522"}],"wp:attachment":[{"href":"https:\/\/ursus.ee\/en\/wp-json\/wp\/v2\/media?parent=11521"}],"wp:term":[{"taxonomy":"product_brand","embeddable":true,"href":"https:\/\/ursus.ee\/en\/wp-json\/wp\/v2\/product_brand?post=11521"},{"taxonomy":"product_cat","embeddable":true,"href":"https:\/\/ursus.ee\/en\/wp-json\/wp\/v2\/product_cat?post=11521"},{"taxonomy":"product_tag","embeddable":true,"href":"https:\/\/ursus.ee\/en\/wp-json\/wp\/v2\/product_tag?post=11521"}],"curies":[{"name":"wp","href":"https:\/\/api.w.org\/{rel}","templated":true}]}}