{"id":11518,"date":"2025-12-16T17:35:27","date_gmt":"2025-12-16T15:35:27","guid":{"rendered":"https:\/\/ursus.ee\/toode\/elektrilise-hambaharja-vahetushari-white-3\/"},"modified":"2026-03-27T16:20:54","modified_gmt":"2026-03-27T14:20:54","slug":"elektrilise-hambaharja-vahetushari-white-3","status":"publish","type":"product","link":"https:\/\/ursus.ee\/en\/toode\/elektrilise-hambaharja-vahetushari-white-3\/","title":{"rendered":"Elektrilise hambaharja vahetushari White"},"content":{"rendered":"<p>WhiteTech\u2122 tehnoloogial valmistatud harjased eemaldavad hammastelt igap\u00e4evased plekid ja hoiab hambad loomulikult valged. Pakendis 2 eri v\u00e4rvidega m\u00e4rgistatud vahetusharja, mis \u00fchilduvad Jordan elektrilise hambaharja v\u00f5i enamuse OralB\u00ae hambaharja mudelitega.<\/p>\n","protected":false},"excerpt":{"rendered":"<p>WhiteTech\u2122 tehnoloogial valmistatud harjased eemaldavad hammastelt igap\u00e4evased plekid ja hoiab hambad loomulikult valged. Pakendis 2 eri v\u00e4rvidega m\u00e4rgistatud vahetusharja, mis \u00fchilduvad Jordan elektrilise hambaharja v\u00f5i enamuse OralB\u00ae hambaharja mudelitega.<\/p>\n","protected":false},"featured_media":11519,"comment_status":"closed","ping_status":"open","template":"","meta":{"_acf_changed":false},"product_brand":[312],"product_cat":[313,314],"product_tag":[],"class_list":{"0":"post-11518","1":"product","2":"type-product","3":"status-publish","4":"has-post-thumbnail","6":"product_brand-jordan","7":"product_cat-suuhooldus","8":"product_cat-elektrilised-hambaharjad","9":"pa_kogus-2-tk","10":"pa_paritolumaa-hiina","11":"pa_uhik-tk","13":"first","14":"instock","15":"purchasable","16":"product-type-simple"},"acf":[],"_links":{"self":[{"href":"https:\/\/ursus.ee\/en\/wp-json\/wp\/v2\/product\/11518","targetHints":{"allow":["GET"]}}],"collection":[{"href":"https:\/\/ursus.ee\/en\/wp-json\/wp\/v2\/product"}],"about":[{"href":"https:\/\/ursus.ee\/en\/wp-json\/wp\/v2\/types\/product"}],"replies":[{"embeddable":true,"href":"https:\/\/ursus.ee\/en\/wp-json\/wp\/v2\/comments?post=11518"}],"wp:featuredmedia":[{"embeddable":true,"href":"https:\/\/ursus.ee\/en\/wp-json\/wp\/v2\/media\/11519"}],"wp:attachment":[{"href":"https:\/\/ursus.ee\/en\/wp-json\/wp\/v2\/media?parent=11518"}],"wp:term":[{"taxonomy":"product_brand","embeddable":true,"href":"https:\/\/ursus.ee\/en\/wp-json\/wp\/v2\/product_brand?post=11518"},{"taxonomy":"product_cat","embeddable":true,"href":"https:\/\/ursus.ee\/en\/wp-json\/wp\/v2\/product_cat?post=11518"},{"taxonomy":"product_tag","embeddable":true,"href":"https:\/\/ursus.ee\/en\/wp-json\/wp\/v2\/product_tag?post=11518"}],"curies":[{"name":"wp","href":"https:\/\/api.w.org\/{rel}","templated":true}]}}