{"id":11490,"date":"2025-12-16T17:25:26","date_gmt":"2025-12-16T15:25:26","guid":{"rendered":"https:\/\/ursus.ee\/toode\/ripsmeseerum-argaaniaoliga-2\/"},"modified":"2026-03-27T16:21:33","modified_gmt":"2026-03-27T14:21:33","slug":"ripsmeseerum-argaaniaoliga-2","status":"publish","type":"product","link":"https:\/\/ursus.ee\/en\/toode\/ripsmeseerum-argaaniaoliga-2\/","title":{"rendered":"Ripsmeseerum argaania\u00f5liga"},"content":{"rendered":"<p>Innovatiivne ripsmeseerum sisaldab argaania\u00f5li, h\u00fcaluroonhapet ja D-pantenooli, mis niisutavad, kiirendavad karvakasvu ning toidavad ripsmekarvu. Kasutades seerumit regulaarselt muutuvad ripsmed tihedamaks, tugevamaks ja pikemaks. Sobib ka kontaktl\u00e4\u00e4tsede kandjatele ja tundlikele silmadele. Dermatoloogiliselt testitud.<\/p>\n","protected":false},"excerpt":{"rendered":"<p>Innovatiivne ripsmeseerum sisaldab argaania\u00f5li, h\u00fcaluroonhapet ja D-pantenooli, mis niisutavad, kiirendavad karvakasvu ning toidavad ripsmekarvu. Kasutades seerumit regulaarselt muutuvad ripsmed tihedamaks, tugevamaks ja pikemaks. Sobib ka kontaktl\u00e4\u00e4tsede kandjatele ja tundlikele silmadele. Dermatoloogiliselt testitud.<\/p>\n","protected":false},"featured_media":11491,"comment_status":"closed","ping_status":"open","template":"","meta":{"_acf_changed":false},"product_brand":[187],"product_cat":[188,311],"product_tag":[],"class_list":{"0":"post-11490","1":"product","2":"type-product","3":"status-publish","4":"has-post-thumbnail","6":"product_brand-eveline-cosmetics","7":"product_cat-naohooldus","8":"product_cat-dekoratiivkosmeetika","9":"pa_kogus-10-ml","10":"pa_paritolumaa-poola","11":"pa_uhik-ml","13":"first","14":"instock","15":"purchasable","16":"product-type-simple"},"acf":[],"_links":{"self":[{"href":"https:\/\/ursus.ee\/en\/wp-json\/wp\/v2\/product\/11490","targetHints":{"allow":["GET"]}}],"collection":[{"href":"https:\/\/ursus.ee\/en\/wp-json\/wp\/v2\/product"}],"about":[{"href":"https:\/\/ursus.ee\/en\/wp-json\/wp\/v2\/types\/product"}],"replies":[{"embeddable":true,"href":"https:\/\/ursus.ee\/en\/wp-json\/wp\/v2\/comments?post=11490"}],"wp:featuredmedia":[{"embeddable":true,"href":"https:\/\/ursus.ee\/en\/wp-json\/wp\/v2\/media\/11491"}],"wp:attachment":[{"href":"https:\/\/ursus.ee\/en\/wp-json\/wp\/v2\/media?parent=11490"}],"wp:term":[{"taxonomy":"product_brand","embeddable":true,"href":"https:\/\/ursus.ee\/en\/wp-json\/wp\/v2\/product_brand?post=11490"},{"taxonomy":"product_cat","embeddable":true,"href":"https:\/\/ursus.ee\/en\/wp-json\/wp\/v2\/product_cat?post=11490"},{"taxonomy":"product_tag","embeddable":true,"href":"https:\/\/ursus.ee\/en\/wp-json\/wp\/v2\/product_tag?post=11490"}],"curies":[{"name":"wp","href":"https:\/\/api.w.org\/{rel}","templated":true}]}}