{"id":11488,"date":"2025-12-16T17:25:26","date_gmt":"2025-12-16T15:25:26","guid":{"rendered":"https:\/\/ursus.ee\/toode\/argaaniaolikeratiin-juuksepalsam-2\/"},"modified":"2026-03-27T16:24:56","modified_gmt":"2026-03-27T14:24:56","slug":"argaaniaolikeratiin-juuksepalsam-2","status":"publish","type":"product","link":"https:\/\/ursus.ee\/en\/toode\/argaaniaolikeratiin-juuksepalsam-2\/","title":{"rendered":"Argaania\u00f5li+Keratiin juuksepalsam"},"content":{"rendered":"<p>Argaania\u00f5li ja keratiini juuksepalsam kahjustatud ja v\u00e4rvitud juustele. Argaania\u00f5li toidab juukseid ja annab neile s\u00e4ra, niisutab, ja silub, taastab kiiresti isegi v\u00e4ga kahjustatud ja kuivad juuksed. Argaania\u00f5li ja keratiin tungivad s\u00fcgavale juuksekiu sisse toites ja taastades kahjustatud juuksestruktuuri seespidiselt ning juurtest juukseotsteni, kaitstes neid katkemise eest. Juba v\u00e4hese kasutamise j\u00e4rel taastub juuste eluj\u00f5ud ning juuksed muutuvad elastseks ning l\u00e4ikivaks, siledaks ning h\u00e4sti kammitavaks.<\/p>\n","protected":false},"excerpt":{"rendered":"<p>Argaania\u00f5li ja keratiini juuksepalsam kahjustatud ja v\u00e4rvitud juustele. Argaania\u00f5li toidab juukseid ja annab neile s\u00e4ra, niisutab, ja silub, taastab kiiresti isegi v\u00e4ga kahjustatud ja kuivad juuksed. Argaania\u00f5li ja keratiin tungivad s\u00fcgavale juuksekiu sisse toites ja taastades kahjustatud juuksestruktuuri seespidiselt ning juurtest juukseotsteni, kaitstes neid katkemise eest. Juba v\u00e4hese kasutamise j\u00e4rel taastub juuste eluj\u00f5ud ning juuksed<\/p>\n","protected":false},"featured_media":11489,"comment_status":"closed","ping_status":"open","template":"","meta":{"_acf_changed":false},"product_brand":[187],"product_cat":[244,307],"product_tag":[],"class_list":{"0":"post-11488","1":"product","2":"type-product","3":"status-publish","4":"has-post-thumbnail","6":"product_brand-eveline-cosmetics","7":"product_cat-kehahooldus","8":"product_cat-juuksehooldus","9":"pa_kogus-200-ml","10":"pa_paritolumaa-poola","11":"pa_uhik-ml","13":"first","14":"instock","15":"purchasable","16":"product-type-simple"},"acf":[],"_links":{"self":[{"href":"https:\/\/ursus.ee\/en\/wp-json\/wp\/v2\/product\/11488","targetHints":{"allow":["GET"]}}],"collection":[{"href":"https:\/\/ursus.ee\/en\/wp-json\/wp\/v2\/product"}],"about":[{"href":"https:\/\/ursus.ee\/en\/wp-json\/wp\/v2\/types\/product"}],"replies":[{"embeddable":true,"href":"https:\/\/ursus.ee\/en\/wp-json\/wp\/v2\/comments?post=11488"}],"wp:featuredmedia":[{"embeddable":true,"href":"https:\/\/ursus.ee\/en\/wp-json\/wp\/v2\/media\/11489"}],"wp:attachment":[{"href":"https:\/\/ursus.ee\/en\/wp-json\/wp\/v2\/media?parent=11488"}],"wp:term":[{"taxonomy":"product_brand","embeddable":true,"href":"https:\/\/ursus.ee\/en\/wp-json\/wp\/v2\/product_brand?post=11488"},{"taxonomy":"product_cat","embeddable":true,"href":"https:\/\/ursus.ee\/en\/wp-json\/wp\/v2\/product_cat?post=11488"},{"taxonomy":"product_tag","embeddable":true,"href":"https:\/\/ursus.ee\/en\/wp-json\/wp\/v2\/product_tag?post=11488"}],"curies":[{"name":"wp","href":"https:\/\/api.w.org\/{rel}","templated":true}]}}