{"id":11480,"date":"2025-12-16T17:25:26","date_gmt":"2025-12-16T15:25:26","guid":{"rendered":"https:\/\/ursus.ee\/toode\/argaaniaolikeratiin-juukseoli-2\/"},"modified":"2026-03-27T16:24:56","modified_gmt":"2026-03-27T14:24:56","slug":"argaaniaolikeratiin-juukseoli-2","status":"publish","type":"product","link":"https:\/\/ursus.ee\/en\/toode\/argaaniaolikeratiin-juukseoli-2\/","title":{"rendered":"Argaania\u00f5li+Keratiin juukse\u00f5li"},"content":{"rendered":"<p>Argaania\u00f5liga eksklusiivne juukse\u00f5li sobib kasutamiseks k\u00f5ikidele juukset\u00fc\u00fcpidele. Parandab kahjustunud juukseid, annab s\u00e4ra, eemaldab staatilise elektri, taastab elastsuse ja s\u00e4ra ning muudab juuksed kergelt kammitavaks. Sisaldab keratiini, takja\u00f5li ja A-vitamiini. Juukse\u00f5li saab kasutada kolmel viisil: enne juuste pesemist, peale juuste pesemist (maha loputamiseta), kuivadele juustele viimistlusainena.<\/p>\n","protected":false},"excerpt":{"rendered":"<p>Argaania\u00f5liga eksklusiivne juukse\u00f5li sobib kasutamiseks k\u00f5ikidele juukset\u00fc\u00fcpidele. Parandab kahjustunud juukseid, annab s\u00e4ra, eemaldab staatilise elektri, taastab elastsuse ja s\u00e4ra ning muudab juuksed kergelt kammitavaks. Sisaldab keratiini, takja\u00f5li ja A-vitamiini. Juukse\u00f5li saab kasutada kolmel viisil: enne juuste pesemist, peale juuste pesemist (maha loputamiseta), kuivadele juustele viimistlusainena.<\/p>\n","protected":false},"featured_media":11481,"comment_status":"closed","ping_status":"open","template":"","meta":{"_acf_changed":false},"product_brand":[187],"product_cat":[244,307],"product_tag":[],"class_list":{"0":"post-11480","1":"product","2":"type-product","3":"status-publish","4":"has-post-thumbnail","6":"product_brand-eveline-cosmetics","7":"product_cat-kehahooldus","8":"product_cat-juuksehooldus","9":"pa_kogus-150-ml","10":"pa_paritolumaa-poola","11":"pa_uhik-ml","13":"first","14":"instock","15":"purchasable","16":"product-type-simple"},"acf":[],"_links":{"self":[{"href":"https:\/\/ursus.ee\/en\/wp-json\/wp\/v2\/product\/11480","targetHints":{"allow":["GET"]}}],"collection":[{"href":"https:\/\/ursus.ee\/en\/wp-json\/wp\/v2\/product"}],"about":[{"href":"https:\/\/ursus.ee\/en\/wp-json\/wp\/v2\/types\/product"}],"replies":[{"embeddable":true,"href":"https:\/\/ursus.ee\/en\/wp-json\/wp\/v2\/comments?post=11480"}],"wp:featuredmedia":[{"embeddable":true,"href":"https:\/\/ursus.ee\/en\/wp-json\/wp\/v2\/media\/11481"}],"wp:attachment":[{"href":"https:\/\/ursus.ee\/en\/wp-json\/wp\/v2\/media?parent=11480"}],"wp:term":[{"taxonomy":"product_brand","embeddable":true,"href":"https:\/\/ursus.ee\/en\/wp-json\/wp\/v2\/product_brand?post=11480"},{"taxonomy":"product_cat","embeddable":true,"href":"https:\/\/ursus.ee\/en\/wp-json\/wp\/v2\/product_cat?post=11480"},{"taxonomy":"product_tag","embeddable":true,"href":"https:\/\/ursus.ee\/en\/wp-json\/wp\/v2\/product_tag?post=11480"}],"curies":[{"name":"wp","href":"https:\/\/api.w.org\/{rel}","templated":true}]}}