{"id":11478,"date":"2025-12-16T17:25:26","date_gmt":"2025-12-16T15:25:26","guid":{"rendered":"https:\/\/ursus.ee\/toode\/nao-ja-kehakreem-extra-soft-10-uureaga-2\/"},"modified":"2026-03-27T16:23:56","modified_gmt":"2026-03-27T14:23:56","slug":"nao-ja-kehakreem-extra-soft-10-uureaga-2","status":"publish","type":"product","link":"https:\/\/ursus.ee\/en\/toode\/nao-ja-kehakreem-extra-soft-10-uureaga-2\/","title":{"rendered":"N\u00e4o- ja kehakreem Extra Soft 10% uureaga"},"content":{"rendered":"<p>Extra Soft intensiivselt taastav n\u00e4o- ja kehakreem 10% uureaga 175ml. Extra Soft n\u00e4o- ja kehakreem taastab koheselt kuivusest tingitud ebamugavustunde, v\u00e4-hendab karedust ning muudab naha siidiselt pehmeks ja siledaks. Aktiivsed koostisosad: bioHYALURON PLUS COMPLEX\u2122, 10%neoUREA\u2122, E-vitamiin.<\/p>\n","protected":false},"excerpt":{"rendered":"<p>Extra Soft intensiivselt taastav n\u00e4o- ja kehakreem 10% uureaga 175ml. Extra Soft n\u00e4o- ja kehakreem taastab koheselt kuivusest tingitud ebamugavustunde, v\u00e4-hendab karedust ning muudab naha siidiselt pehmeks ja siledaks. Aktiivsed koostisosad: bioHYALURON PLUS COMPLEX\u2122, 10%neoUREA\u2122, E-vitamiin.<\/p>\n","protected":false},"featured_media":11479,"comment_status":"closed","ping_status":"open","template":"","meta":{"_acf_changed":false},"product_brand":[187],"product_cat":[244,262],"product_tag":[],"class_list":{"0":"post-11478","1":"product","2":"type-product","3":"status-publish","4":"has-post-thumbnail","6":"product_brand-eveline-cosmetics","7":"product_cat-kehahooldus","8":"product_cat-kehakreemid","9":"pa_kogus-175-ml","10":"pa_koostis-acrylates-c10-30-alkyl-acrylate-crosspolymer","11":"pa_koostis-allantoin","12":"pa_koostis-alpha-isomethyl-ionone","13":"pa_koostis-aqua-water","14":"pa_koostis-benzyl-salicylate","15":"pa_koostis-butylparaben","16":"pa_koostis-ceteareth-20","17":"pa_koostis-cetearyl-alcohol","18":"pa_koostis-citronellol","19":"pa_koostis-dimethicone","20":"pa_koostis-dmdm-hydantoin","21":"pa_koostis-ethylparaben","22":"pa_koostis-glycerin","23":"pa_koostis-hexyl-cinnamal","24":"pa_koostis-hydrolyzed-silk-extract","25":"pa_koostis-hydrolyzed-soy-protein","26":"pa_koostis-hydroxycitronellal","27":"pa_koostis-isopropyl-myristate","28":"pa_koostis-limonene","29":"pa_koostis-linalool","30":"pa_koostis-methylparaben","31":"pa_koostis-olea-europaea-fruit-oil","32":"pa_koostis-panthenol","33":"pa_koostis-paraffinum-liquidum","34":"pa_koostis-parfum-fragrance","35":"pa_koostis-petrolatum","36":"pa_koostis-phenoxyethanol","37":"pa_koostis-polybutene","38":"pa_koostis-potassium-sorbate","39":"pa_koostis-propylene-glycol","40":"pa_koostis-propylparaben","41":"pa_koostis-sodium-hyaluronate","42":"pa_koostis-tocopheryl-acetate","43":"pa_koostis-triethanolamine","44":"pa_koostis-urea","45":"pa_paritolumaa-poola","46":"pa_uhik-ml","48":"first","49":"instock","50":"purchasable","51":"product-type-simple"},"acf":[],"_links":{"self":[{"href":"https:\/\/ursus.ee\/en\/wp-json\/wp\/v2\/product\/11478","targetHints":{"allow":["GET"]}}],"collection":[{"href":"https:\/\/ursus.ee\/en\/wp-json\/wp\/v2\/product"}],"about":[{"href":"https:\/\/ursus.ee\/en\/wp-json\/wp\/v2\/types\/product"}],"replies":[{"embeddable":true,"href":"https:\/\/ursus.ee\/en\/wp-json\/wp\/v2\/comments?post=11478"}],"wp:featuredmedia":[{"embeddable":true,"href":"https:\/\/ursus.ee\/en\/wp-json\/wp\/v2\/media\/11479"}],"wp:attachment":[{"href":"https:\/\/ursus.ee\/en\/wp-json\/wp\/v2\/media?parent=11478"}],"wp:term":[{"taxonomy":"product_brand","embeddable":true,"href":"https:\/\/ursus.ee\/en\/wp-json\/wp\/v2\/product_brand?post=11478"},{"taxonomy":"product_cat","embeddable":true,"href":"https:\/\/ursus.ee\/en\/wp-json\/wp\/v2\/product_cat?post=11478"},{"taxonomy":"product_tag","embeddable":true,"href":"https:\/\/ursus.ee\/en\/wp-json\/wp\/v2\/product_tag?post=11478"}],"curies":[{"name":"wp","href":"https:\/\/api.w.org\/{rel}","templated":true}]}}