{"id":11476,"date":"2025-12-16T17:25:26","date_gmt":"2025-12-16T15:25:26","guid":{"rendered":"https:\/\/ursus.ee\/toode\/nao-ja-kehakreem-extra-soft-argaania-ja-manukaoliga-2\/"},"modified":"2026-03-27T16:23:56","modified_gmt":"2026-03-27T14:23:56","slug":"nao-ja-kehakreem-extra-soft-argaania-ja-manukaoliga-2","status":"publish","type":"product","link":"https:\/\/ursus.ee\/en\/toode\/nao-ja-kehakreem-extra-soft-argaania-ja-manukaoliga-2\/","title":{"rendered":"N\u00e4o- ja kehakreem Extra Soft argaania- ja manuka\u00f5liga"},"content":{"rendered":"<p>Extra Soft toitev ja uuendav n\u00e4o- ja kehakreem argaania- ja manuka\u00f5liga 175ml. Rikkaliku koostisega kreem tagab nahale 24h niisutuse ja taastab kuivusest tingitud ebamugavustunde. Muudab naha siidiselt pehmeks ja siledaks.<\/p>\n","protected":false},"excerpt":{"rendered":"<p>Extra Soft toitev ja uuendav n\u00e4o- ja kehakreem argaania- ja manuka\u00f5liga 175ml. Rikkaliku koostisega kreem tagab nahale 24h niisutuse ja taastab kuivusest tingitud ebamugavustunde. Muudab naha siidiselt pehmeks ja siledaks.<\/p>\n","protected":false},"featured_media":11477,"comment_status":"closed","ping_status":"open","template":"","meta":{"_acf_changed":false},"product_brand":[187],"product_cat":[244,262],"product_tag":[],"class_list":{"0":"post-11476","1":"product","2":"type-product","3":"status-publish","4":"has-post-thumbnail","6":"product_brand-eveline-cosmetics","7":"product_cat-kehahooldus","8":"product_cat-kehakreemid","9":"pa_kogus-175-ml","10":"pa_koostis-vesi-eau-vedel-parafiin-tsetearuulalkohol-tseteareet-20-vaseliin-isopropuulmuristaat-glutseriin-dimetikoon-polubuteen-argaaniaoli-kriidiekstrakt-avena-sativa-tserni-ekstrakt-lep","11":"pa_paritolumaa-poola","12":"pa_uhik-ml","14":"first","15":"instock","16":"purchasable","17":"product-type-simple"},"acf":[],"_links":{"self":[{"href":"https:\/\/ursus.ee\/en\/wp-json\/wp\/v2\/product\/11476","targetHints":{"allow":["GET"]}}],"collection":[{"href":"https:\/\/ursus.ee\/en\/wp-json\/wp\/v2\/product"}],"about":[{"href":"https:\/\/ursus.ee\/en\/wp-json\/wp\/v2\/types\/product"}],"replies":[{"embeddable":true,"href":"https:\/\/ursus.ee\/en\/wp-json\/wp\/v2\/comments?post=11476"}],"wp:featuredmedia":[{"embeddable":true,"href":"https:\/\/ursus.ee\/en\/wp-json\/wp\/v2\/media\/11477"}],"wp:attachment":[{"href":"https:\/\/ursus.ee\/en\/wp-json\/wp\/v2\/media?parent=11476"}],"wp:term":[{"taxonomy":"product_brand","embeddable":true,"href":"https:\/\/ursus.ee\/en\/wp-json\/wp\/v2\/product_brand?post=11476"},{"taxonomy":"product_cat","embeddable":true,"href":"https:\/\/ursus.ee\/en\/wp-json\/wp\/v2\/product_cat?post=11476"},{"taxonomy":"product_tag","embeddable":true,"href":"https:\/\/ursus.ee\/en\/wp-json\/wp\/v2\/product_tag?post=11476"}],"curies":[{"name":"wp","href":"https:\/\/api.w.org\/{rel}","templated":true}]}}