{"id":11467,"date":"2025-12-16T17:25:26","date_gmt":"2025-12-16T15:25:26","guid":{"rendered":"https:\/\/ursus.ee\/toode\/kehakreem-6-ceramides-toitev-2\/"},"modified":"2026-03-30T09:33:13","modified_gmt":"2026-03-30T06:33:13","slug":"kehakreem-6-ceramides-toitev-2","status":"publish","type":"product","link":"https:\/\/ursus.ee\/en\/toode\/kehakreem-6-ceramides-toitev-2\/","title":{"rendered":"Kehakreem 6 Ceramides toitev"},"content":{"rendered":"<p>H\u00fcpoallergeenne kehakreem sobib normaalsele, kuivale v\u00f5i v\u00e4ga \u00f5rnale nahale. Kreem on tugevalt toitev, sisaldades uureat, skvalaani, piimhapet ja jojoba\u00f5li. Kreem niisutab ja toidab nahka intensiivselt ning pakub kohest leevendust \u00e4rritunud nahale. Toimeained imenduvad kiiresti ja aitavad s\u00e4ilitada naha optimaalset niisutustaset.<\/p>\n","protected":false},"excerpt":{"rendered":"<p>H\u00fcpoallergeenne kehakreem sobib normaalsele, kuivale v\u00f5i v\u00e4ga \u00f5rnale nahale. Kreem on tugevalt toitev, sisaldades uureat, skvalaani, piimhapet ja jojoba\u00f5li. Kreem niisutab ja toidab nahka intensiivselt ning pakub kohest leevendust \u00e4rritunud nahale. Toimeained imenduvad kiiresti ja aitavad s\u00e4ilitada naha optimaalset niisutustaset.<\/p>\n","protected":false},"featured_media":11468,"comment_status":"closed","ping_status":"closed","template":"","meta":{"_acf_changed":false},"product_brand":[187],"product_cat":[244,262],"product_tag":[],"class_list":{"0":"post-11467","1":"product","2":"type-product","3":"status-publish","4":"has-post-thumbnail","6":"product_brand-eveline-cosmetics","7":"product_cat-kehahooldus","8":"product_cat-kehakreemid","9":"pa_kogus-350-ml","10":"pa_koostis-aqua-water-cetearyl-alcohol-paraffinum-liquidum-glycerin-petrolatum-ceteareth-20-aloe-barbadensis-leaf-juice-isopropyl-myristate-persea-gratissima-oil-helianthus-annuus-seed-oil-olus-o","11":"pa_paritolumaa-poola","12":"pa_uhik-ml","14":"first","15":"instock","16":"purchasable","17":"product-type-simple"},"acf":[],"_links":{"self":[{"href":"https:\/\/ursus.ee\/en\/wp-json\/wp\/v2\/product\/11467","targetHints":{"allow":["GET"]}}],"collection":[{"href":"https:\/\/ursus.ee\/en\/wp-json\/wp\/v2\/product"}],"about":[{"href":"https:\/\/ursus.ee\/en\/wp-json\/wp\/v2\/types\/product"}],"replies":[{"embeddable":true,"href":"https:\/\/ursus.ee\/en\/wp-json\/wp\/v2\/comments?post=11467"}],"wp:featuredmedia":[{"embeddable":true,"href":"https:\/\/ursus.ee\/en\/wp-json\/wp\/v2\/media\/11468"}],"wp:attachment":[{"href":"https:\/\/ursus.ee\/en\/wp-json\/wp\/v2\/media?parent=11467"}],"wp:term":[{"taxonomy":"product_brand","embeddable":true,"href":"https:\/\/ursus.ee\/en\/wp-json\/wp\/v2\/product_brand?post=11467"},{"taxonomy":"product_cat","embeddable":true,"href":"https:\/\/ursus.ee\/en\/wp-json\/wp\/v2\/product_cat?post=11467"},{"taxonomy":"product_tag","embeddable":true,"href":"https:\/\/ursus.ee\/en\/wp-json\/wp\/v2\/product_tag?post=11467"}],"curies":[{"name":"wp","href":"https:\/\/api.w.org\/{rel}","templated":true}]}}