{"id":11465,"date":"2025-12-16T17:25:26","date_gmt":"2025-12-16T15:25:26","guid":{"rendered":"https:\/\/ursus.ee\/toode\/99-aloe-vera-nao-ja-kehageel-2\/"},"modified":"2026-03-27T16:23:55","modified_gmt":"2026-03-27T14:23:55","slug":"99-aloe-vera-nao-ja-kehageel-2","status":"publish","type":"product","link":"https:\/\/ursus.ee\/en\/toode\/99-aloe-vera-nao-ja-kehageel-2\/","title":{"rendered":"99% Aloe Vera n\u00e4o- ja kehageel"},"content":{"rendered":"<p>\u00dcliniisutava toimega 99% Aloe Vera sisaldusega keha- ja n\u00e4ogeel t\u00f5stab koheselt naha niisutustaset, parandades elastsust ja v\u00e4hendades kuivust. T\u00e4nu uuenduslikule ALOE HYDRA-DEEP SYSTEM\u2122 tehnoloogiale leevendab geel \u00e4rritunud nahka, kiirendab taastumist ja tugevdab loomulikku kaitsebarj\u00e4\u00e4ri. Multifunktsionaalne geel sobib edukalt kehakreemiks, niisutavaks n\u00e4okreemiks, rahustavaks seerumiks v\u00f5i n\u00e4omaskiks, pakkudes kuivale nahale kiiret leevendust. Geel on sobilik kasutamiseks ka p\u00e4evitus-, depilatsiooni v\u00f5i raseerimisj\u00e4rgse tootena. Geeljas koostis ei j\u00e4ta nahale rasvast kihti.<\/p>\n","protected":false},"excerpt":{"rendered":"<p>\u00dcliniisutava toimega 99% Aloe Vera sisaldusega keha- ja n\u00e4ogeel t\u00f5stab koheselt naha niisutustaset, parandades elastsust ja v\u00e4hendades kuivust. T\u00e4nu uuenduslikule ALOE HYDRA-DEEP SYSTEM\u2122 tehnoloogiale leevendab geel \u00e4rritunud nahka, kiirendab taastumist ja tugevdab loomulikku kaitsebarj\u00e4\u00e4ri. Multifunktsionaalne geel sobib edukalt kehakreemiks, niisutavaks n\u00e4okreemiks, rahustavaks seerumiks v\u00f5i n\u00e4omaskiks, pakkudes kuivale nahale kiiret leevendust. Geel on sobilik kasutamiseks ka<\/p>\n","protected":false},"featured_media":11466,"comment_status":"closed","ping_status":"open","template":"","meta":{"_acf_changed":false},"product_brand":[187],"product_cat":[244,262],"product_tag":[],"class_list":{"0":"post-11465","1":"product","2":"type-product","3":"status-publish","4":"has-post-thumbnail","6":"product_brand-eveline-cosmetics","7":"product_cat-kehahooldus","8":"product_cat-kehakreemid","9":"pa_kogus-250-ml","10":"pa_paritolumaa-poola","11":"pa_uhik-ml","13":"first","14":"instock","15":"purchasable","16":"product-type-simple"},"acf":[],"_links":{"self":[{"href":"https:\/\/ursus.ee\/en\/wp-json\/wp\/v2\/product\/11465","targetHints":{"allow":["GET"]}}],"collection":[{"href":"https:\/\/ursus.ee\/en\/wp-json\/wp\/v2\/product"}],"about":[{"href":"https:\/\/ursus.ee\/en\/wp-json\/wp\/v2\/types\/product"}],"replies":[{"embeddable":true,"href":"https:\/\/ursus.ee\/en\/wp-json\/wp\/v2\/comments?post=11465"}],"wp:featuredmedia":[{"embeddable":true,"href":"https:\/\/ursus.ee\/en\/wp-json\/wp\/v2\/media\/11466"}],"wp:attachment":[{"href":"https:\/\/ursus.ee\/en\/wp-json\/wp\/v2\/media?parent=11465"}],"wp:term":[{"taxonomy":"product_brand","embeddable":true,"href":"https:\/\/ursus.ee\/en\/wp-json\/wp\/v2\/product_brand?post=11465"},{"taxonomy":"product_cat","embeddable":true,"href":"https:\/\/ursus.ee\/en\/wp-json\/wp\/v2\/product_cat?post=11465"},{"taxonomy":"product_tag","embeddable":true,"href":"https:\/\/ursus.ee\/en\/wp-json\/wp\/v2\/product_tag?post=11465"}],"curies":[{"name":"wp","href":"https:\/\/api.w.org\/{rel}","templated":true}]}}