{"id":11462,"date":"2025-12-16T17:25:26","date_gmt":"2025-12-16T15:25:26","guid":{"rendered":"https:\/\/ursus.ee\/toode\/tselluliidivastane-ooseerum-slim-4d-2\/"},"modified":"2026-03-27T16:23:56","modified_gmt":"2026-03-27T14:23:56","slug":"tselluliidivastane-ooseerum-slim-4d-2","status":"publish","type":"product","link":"https:\/\/ursus.ee\/en\/toode\/tselluliidivastane-ooseerum-slim-4d-2\/","title":{"rendered":"Tselluliidivastane \u00f6\u00f6seerum Slim 4D"},"content":{"rendered":"<p>Kontsentreeritud koostisega salendav seerum on v\u00e4lja t\u00f6\u00f6tatud spetsiaalselt \u00f6iseks kasutamiseks. Seerum vabastab aktiivseid koostisaineid j\u00e4rk-j\u00e4rgult kogu \u00f6\u00f6 jooksul, mis soodustavad tselluliidi ja nahaaluse rasvkoe v\u00e4henemist, naha pinguldumist ja siledamaks muutumist. Tselluliidiseerum aitab kaasa n\u00e4htavate tulemuste saavutamisele 2-n\u00e4dalase perioodi jooksul, kombineerituna kehalise aktiivsuse ja dieediga.<\/p>\n","protected":false},"excerpt":{"rendered":"<p>Kontsentreeritud koostisega salendav seerum on v\u00e4lja t\u00f6\u00f6tatud spetsiaalselt \u00f6iseks kasutamiseks. Seerum vabastab aktiivseid koostisaineid j\u00e4rk-j\u00e4rgult kogu \u00f6\u00f6 jooksul, mis soodustavad tselluliidi ja nahaaluse rasvkoe v\u00e4henemist, naha pinguldumist ja siledamaks muutumist. Tselluliidiseerum aitab kaasa n\u00e4htavate tulemuste saavutamisele 2-n\u00e4dalase perioodi jooksul, kombineerituna kehalise aktiivsuse ja dieediga.<\/p>\n","protected":false},"featured_media":11463,"comment_status":"closed","ping_status":"open","template":"","meta":{"_acf_changed":false},"product_brand":[187],"product_cat":[244,262],"product_tag":[],"class_list":{"0":"post-11462","1":"product","2":"type-product","3":"status-publish","4":"has-post-thumbnail","6":"product_brand-eveline-cosmetics","7":"product_cat-kehahooldus","8":"product_cat-kehakreemid","9":"pa_kogus-250-ml","10":"pa_koostis-aqua-water-glycerin-cetyl-alcohol-glycine-soja-oil-propylene-glycol-sodium-polyacrylate-glyceryl-stearate-se-dimethicone-butylene-glycol-euglena-gracilis-extract-caffeine-glaucium-flavum","11":"pa_paritolumaa-poola","12":"pa_uhik-ml","14":"first","15":"instock","16":"purchasable","17":"product-type-simple"},"acf":[],"_links":{"self":[{"href":"https:\/\/ursus.ee\/en\/wp-json\/wp\/v2\/product\/11462","targetHints":{"allow":["GET"]}}],"collection":[{"href":"https:\/\/ursus.ee\/en\/wp-json\/wp\/v2\/product"}],"about":[{"href":"https:\/\/ursus.ee\/en\/wp-json\/wp\/v2\/types\/product"}],"replies":[{"embeddable":true,"href":"https:\/\/ursus.ee\/en\/wp-json\/wp\/v2\/comments?post=11462"}],"wp:featuredmedia":[{"embeddable":true,"href":"https:\/\/ursus.ee\/en\/wp-json\/wp\/v2\/media\/11463"}],"wp:attachment":[{"href":"https:\/\/ursus.ee\/en\/wp-json\/wp\/v2\/media?parent=11462"}],"wp:term":[{"taxonomy":"product_brand","embeddable":true,"href":"https:\/\/ursus.ee\/en\/wp-json\/wp\/v2\/product_brand?post=11462"},{"taxonomy":"product_cat","embeddable":true,"href":"https:\/\/ursus.ee\/en\/wp-json\/wp\/v2\/product_cat?post=11462"},{"taxonomy":"product_tag","embeddable":true,"href":"https:\/\/ursus.ee\/en\/wp-json\/wp\/v2\/product_tag?post=11462"}],"curies":[{"name":"wp","href":"https:\/\/api.w.org\/{rel}","templated":true}]}}