{"id":11458,"date":"2025-12-16T17:25:26","date_gmt":"2025-12-16T15:25:26","guid":{"rendered":"https:\/\/ursus.ee\/toode\/slim-extreme-4d-seerum-venitusarmidele-2\/"},"modified":"2026-03-27T16:23:56","modified_gmt":"2026-03-27T14:23:56","slug":"slim-extreme-4d-seerum-venitusarmidele-2","status":"publish","type":"product","link":"https:\/\/ursus.ee\/en\/toode\/slim-extreme-4d-seerum-venitusarmidele-2\/","title":{"rendered":"Slim Extreme 4D Seerum venitusarmidele"},"content":{"rendered":"<p>Revolutsiooniline seerumi kontsentraat, mis tugevdab naha struktuuri ja parandab selle elastsust t\u00e4nu uuenduslikule RetiCorrect\u00ae tehnoloogiale. Seerum v\u00e4hendab uute venitusarmide teket ja v\u00e4hendab n\u00e4htavalt olemasolevaid. Sobib eriti h\u00e4sti kasutamiseks kriitilistes piirkondades nagu rind, k\u00f5ht, tuharad ja reied \u2013 need on k\u00f5ige levinumad kohad venitusarmide tekkeks. T\u00e4nu \u00fclit\u00f5husatele lipol\u00fc\u00fctilistele koostisainetele modelleerib seerum kontuuri ja parandab naha tekstuuri, muutes venitusarmid juba 20-p\u00e4evase kasutamise j\u00e4rel v\u00e4hem n\u00e4htavaks.<\/p>\n","protected":false},"excerpt":{"rendered":"<p>Revolutsiooniline seerumi kontsentraat, mis tugevdab naha struktuuri ja parandab selle elastsust t\u00e4nu uuenduslikule RetiCorrect\u00ae tehnoloogiale. Seerum v\u00e4hendab uute venitusarmide teket ja v\u00e4hendab n\u00e4htavalt olemasolevaid. Sobib eriti h\u00e4sti kasutamiseks kriitilistes piirkondades nagu rind, k\u00f5ht, tuharad ja reied \u2013 need on k\u00f5ige levinumad kohad venitusarmide tekkeks. T\u00e4nu \u00fclit\u00f5husatele lipol\u00fc\u00fctilistele koostisainetele modelleerib seerum kontuuri ja parandab naha tekstuuri,<\/p>\n","protected":false},"featured_media":11459,"comment_status":"closed","ping_status":"open","template":"","meta":{"_acf_changed":false},"product_brand":[187],"product_cat":[244,262],"product_tag":[],"class_list":{"0":"post-11458","1":"product","2":"type-product","3":"status-publish","4":"has-post-thumbnail","6":"product_brand-eveline-cosmetics","7":"product_cat-kehahooldus","8":"product_cat-kehakreemid","9":"pa_kogus-150-ml","10":"pa_koostis-aqua-water-glycerin-cetyl-alcohol-isopropyl-palmitate-dimethicone-glyceryl-stearate-se-prunus-amygdalus-dulcis-oil-sodium-polyacrylate-butyrospermum-parkii-butter-collagen-tocopheryl-acet","11":"pa_paritolumaa-poola","12":"pa_uhik-ml","14":"first","15":"instock","16":"purchasable","17":"product-type-simple"},"acf":[],"_links":{"self":[{"href":"https:\/\/ursus.ee\/en\/wp-json\/wp\/v2\/product\/11458","targetHints":{"allow":["GET"]}}],"collection":[{"href":"https:\/\/ursus.ee\/en\/wp-json\/wp\/v2\/product"}],"about":[{"href":"https:\/\/ursus.ee\/en\/wp-json\/wp\/v2\/types\/product"}],"replies":[{"embeddable":true,"href":"https:\/\/ursus.ee\/en\/wp-json\/wp\/v2\/comments?post=11458"}],"wp:featuredmedia":[{"embeddable":true,"href":"https:\/\/ursus.ee\/en\/wp-json\/wp\/v2\/media\/11459"}],"wp:attachment":[{"href":"https:\/\/ursus.ee\/en\/wp-json\/wp\/v2\/media?parent=11458"}],"wp:term":[{"taxonomy":"product_brand","embeddable":true,"href":"https:\/\/ursus.ee\/en\/wp-json\/wp\/v2\/product_brand?post=11458"},{"taxonomy":"product_cat","embeddable":true,"href":"https:\/\/ursus.ee\/en\/wp-json\/wp\/v2\/product_cat?post=11458"},{"taxonomy":"product_tag","embeddable":true,"href":"https:\/\/ursus.ee\/en\/wp-json\/wp\/v2\/product_tag?post=11458"}],"curies":[{"name":"wp","href":"https:\/\/api.w.org\/{rel}","templated":true}]}}