{"id":11456,"date":"2025-12-16T17:25:26","date_gmt":"2025-12-16T15:25:26","guid":{"rendered":"https:\/\/ursus.ee\/toode\/tselluliidiseerum-slim-4d-extreme-jahutav-2\/"},"modified":"2026-03-27T16:23:56","modified_gmt":"2026-03-27T14:23:56","slug":"tselluliidiseerum-slim-4d-extreme-jahutav-2","status":"publish","type":"product","link":"https:\/\/ursus.ee\/en\/toode\/tselluliidiseerum-slim-4d-extreme-jahutav-2\/","title":{"rendered":"Tselluliidiseerum Slim 4D Extreme jahutav"},"content":{"rendered":"<p>Jahutav tselluliidivastane seerum v\u00e4hendab tselluliiti ja ennetab selle teket, modelleerib kehakuju, parandab naha elastsust, silub naha ebat\u00e4psusi ja v\u00e4hendab nahaalust rasvkudet.<\/p>\n","protected":false},"excerpt":{"rendered":"<p>Jahutav tselluliidivastane seerum v\u00e4hendab tselluliiti ja ennetab selle teket, modelleerib kehakuju, parandab naha elastsust, silub naha ebat\u00e4psusi ja v\u00e4hendab nahaalust rasvkudet.<\/p>\n","protected":false},"featured_media":11457,"comment_status":"closed","ping_status":"open","template":"","meta":{"_acf_changed":false},"product_brand":[187],"product_cat":[244,262],"product_tag":[],"class_list":{"0":"post-11456","1":"product","2":"type-product","3":"status-publish","4":"has-post-thumbnail","6":"product_brand-eveline-cosmetics","7":"product_cat-kehahooldus","8":"product_cat-kehakreemid","9":"pa_kogus-250-ml","10":"pa_koostis-aqua-water-c12-15-alkyl-benzoate-glycerin-ethylhexyl-stearate-glyceryl-stearates-isopropyl-myristate-triolein-glyceryl-stearate-peg-100-stearate-alcohol-denat-cetyl-alcohol-betaine-cen","11":"pa_paritolumaa-poola","12":"pa_uhik-ml","14":"first","15":"instock","16":"purchasable","17":"product-type-simple"},"acf":[],"_links":{"self":[{"href":"https:\/\/ursus.ee\/en\/wp-json\/wp\/v2\/product\/11456","targetHints":{"allow":["GET"]}}],"collection":[{"href":"https:\/\/ursus.ee\/en\/wp-json\/wp\/v2\/product"}],"about":[{"href":"https:\/\/ursus.ee\/en\/wp-json\/wp\/v2\/types\/product"}],"replies":[{"embeddable":true,"href":"https:\/\/ursus.ee\/en\/wp-json\/wp\/v2\/comments?post=11456"}],"wp:featuredmedia":[{"embeddable":true,"href":"https:\/\/ursus.ee\/en\/wp-json\/wp\/v2\/media\/11457"}],"wp:attachment":[{"href":"https:\/\/ursus.ee\/en\/wp-json\/wp\/v2\/media?parent=11456"}],"wp:term":[{"taxonomy":"product_brand","embeddable":true,"href":"https:\/\/ursus.ee\/en\/wp-json\/wp\/v2\/product_brand?post=11456"},{"taxonomy":"product_cat","embeddable":true,"href":"https:\/\/ursus.ee\/en\/wp-json\/wp\/v2\/product_cat?post=11456"},{"taxonomy":"product_tag","embeddable":true,"href":"https:\/\/ursus.ee\/en\/wp-json\/wp\/v2\/product_tag?post=11456"}],"curies":[{"name":"wp","href":"https:\/\/api.w.org\/{rel}","templated":true}]}}