{"id":11454,"date":"2025-12-16T17:22:13","date_gmt":"2025-12-16T15:22:13","guid":{"rendered":"https:\/\/ursus.ee\/toode\/tselluliidiseerum-slim-extreme-4d-liposuction-2\/"},"modified":"2026-03-27T16:23:56","modified_gmt":"2026-03-27T14:23:56","slug":"tselluliidiseerum-slim-extreme-4d-liposuction-2","status":"publish","type":"product","link":"https:\/\/ursus.ee\/en\/toode\/tselluliidiseerum-slim-extreme-4d-liposuction-2\/","title":{"rendered":"Tselluliidiseerum Slim Extreme 4D Liposuction"},"content":{"rendered":"<p>Tselluliidivastane seerum v\u00e4hendab tselluliiti ja ennetab selle teket, modelleerib kehakuju, parandab naha elastsust, silub naha ebat\u00e4psusi ja v\u00e4hendab nahaalust rasvkudet. Blokeerib rasvarakkude moodustumist ja stimuleerib nende lagundamise protsessi. Aktiivsed koostisosad: LIPOCELL-SLIMTM &#8211; kolmekordse toimega salendav kompleks, mis elimineerib nahaaluse rasvkoe, kiirendab rasvap\u00f5letust ja piirab selle teket. L-karnitiin blokeerib rasvade ladestumist rakkudesse ja p\u00e4rsib kollageenikiudude lagunemist. KOLLAGEEN + ELASTIIN suurendavad kiudude tihedust ja vastupidavust nahas, parandades selle struktuuri ning muutes naha pehmeks ja siledaks.<\/p>\n","protected":false},"excerpt":{"rendered":"<p>Tselluliidivastane seerum v\u00e4hendab tselluliiti ja ennetab selle teket, modelleerib kehakuju, parandab naha elastsust, silub naha ebat\u00e4psusi ja v\u00e4hendab nahaalust rasvkudet. Blokeerib rasvarakkude moodustumist ja stimuleerib nende lagundamise protsessi. Aktiivsed koostisosad: LIPOCELL-SLIMTM &#8211; kolmekordse toimega salendav kompleks, mis elimineerib nahaaluse rasvkoe, kiirendab rasvap\u00f5letust ja piirab selle teket. L-karnitiin blokeerib rasvade ladestumist rakkudesse ja p\u00e4rsib kollageenikiudude lagunemist.<\/p>\n","protected":false},"featured_media":11455,"comment_status":"closed","ping_status":"open","template":"","meta":{"_acf_changed":false},"product_brand":[187],"product_cat":[244,262],"product_tag":[],"class_list":{"0":"post-11454","1":"product","2":"type-product","3":"status-publish","4":"has-post-thumbnail","6":"product_brand-eveline-cosmetics","7":"product_cat-kehahooldus","8":"product_cat-kehakreemid","9":"pa_kogus-250-ml","10":"pa_paritolumaa-poola","11":"pa_uhik-ml","13":"first","14":"instock","15":"purchasable","16":"product-type-simple"},"acf":[],"_links":{"self":[{"href":"https:\/\/ursus.ee\/en\/wp-json\/wp\/v2\/product\/11454","targetHints":{"allow":["GET"]}}],"collection":[{"href":"https:\/\/ursus.ee\/en\/wp-json\/wp\/v2\/product"}],"about":[{"href":"https:\/\/ursus.ee\/en\/wp-json\/wp\/v2\/types\/product"}],"replies":[{"embeddable":true,"href":"https:\/\/ursus.ee\/en\/wp-json\/wp\/v2\/comments?post=11454"}],"wp:featuredmedia":[{"embeddable":true,"href":"https:\/\/ursus.ee\/en\/wp-json\/wp\/v2\/media\/11455"}],"wp:attachment":[{"href":"https:\/\/ursus.ee\/en\/wp-json\/wp\/v2\/media?parent=11454"}],"wp:term":[{"taxonomy":"product_brand","embeddable":true,"href":"https:\/\/ursus.ee\/en\/wp-json\/wp\/v2\/product_brand?post=11454"},{"taxonomy":"product_cat","embeddable":true,"href":"https:\/\/ursus.ee\/en\/wp-json\/wp\/v2\/product_cat?post=11454"},{"taxonomy":"product_tag","embeddable":true,"href":"https:\/\/ursus.ee\/en\/wp-json\/wp\/v2\/product_tag?post=11454"}],"curies":[{"name":"wp","href":"https:\/\/api.w.org\/{rel}","templated":true}]}}