{"id":11452,"date":"2025-12-16T17:22:13","date_gmt":"2025-12-16T15:22:13","guid":{"rendered":"https:\/\/ursus.ee\/toode\/brazilian-body-kinnas-isepruunistava-kreemi-pealekandmiseks-2\/"},"modified":"2026-03-27T16:23:55","modified_gmt":"2026-03-27T14:23:55","slug":"brazilian-body-kinnas-isepruunistava-kreemi-pealekandmiseks-2","status":"publish","type":"product","link":"https:\/\/ursus.ee\/en\/toode\/brazilian-body-kinnas-isepruunistava-kreemi-pealekandmiseks-2\/","title":{"rendered":"Brazilian Body kinnas isepruunistava kreemi pealekandmiseks"},"content":{"rendered":"<p>M\u00f5nusalt pehme, \u00f5rnast mikrokiust kinnas on ideaalne vahend isepruunistavate kreemide ja vahtude kehale kandmiseks. Kinda sisu on veekindlast materjalist, kaitstes toote kandumist k\u00e4tele. Kinnas lihtsustab isepruunistava vahendi pealekandmist, tagades veatu ja \u00fchtlase p\u00e4evituse. Kinnas on pestav ja m\u00f5eldud korduvaks kasutamiseks.<\/p>\n","protected":false},"excerpt":{"rendered":"<p>M\u00f5nusalt pehme, \u00f5rnast mikrokiust kinnas on ideaalne vahend isepruunistavate kreemide ja vahtude kehale kandmiseks. Kinda sisu on veekindlast materjalist, kaitstes toote kandumist k\u00e4tele. Kinnas lihtsustab isepruunistava vahendi pealekandmist, tagades veatu ja \u00fchtlase p\u00e4evituse. Kinnas on pestav ja m\u00f5eldud korduvaks kasutamiseks.<\/p>\n","protected":false},"featured_media":11453,"comment_status":"closed","ping_status":"open","template":"","meta":{"_acf_changed":false},"product_brand":[187],"product_cat":[244,262],"product_tag":[],"class_list":{"0":"post-11452","1":"product","2":"type-product","3":"status-publish","4":"has-post-thumbnail","6":"product_brand-eveline-cosmetics","7":"product_cat-kehahooldus","8":"product_cat-kehakreemid","9":"pa_kogus-1-tk","10":"pa_koostis-mikrofiiber","11":"pa_paritolumaa-poola","12":"pa_uhik-tk","14":"first","15":"instock","16":"purchasable","17":"product-type-simple"},"acf":[],"_links":{"self":[{"href":"https:\/\/ursus.ee\/en\/wp-json\/wp\/v2\/product\/11452","targetHints":{"allow":["GET"]}}],"collection":[{"href":"https:\/\/ursus.ee\/en\/wp-json\/wp\/v2\/product"}],"about":[{"href":"https:\/\/ursus.ee\/en\/wp-json\/wp\/v2\/types\/product"}],"replies":[{"embeddable":true,"href":"https:\/\/ursus.ee\/en\/wp-json\/wp\/v2\/comments?post=11452"}],"wp:featuredmedia":[{"embeddable":true,"href":"https:\/\/ursus.ee\/en\/wp-json\/wp\/v2\/media\/11453"}],"wp:attachment":[{"href":"https:\/\/ursus.ee\/en\/wp-json\/wp\/v2\/media?parent=11452"}],"wp:term":[{"taxonomy":"product_brand","embeddable":true,"href":"https:\/\/ursus.ee\/en\/wp-json\/wp\/v2\/product_brand?post=11452"},{"taxonomy":"product_cat","embeddable":true,"href":"https:\/\/ursus.ee\/en\/wp-json\/wp\/v2\/product_cat?post=11452"},{"taxonomy":"product_tag","embeddable":true,"href":"https:\/\/ursus.ee\/en\/wp-json\/wp\/v2\/product_tag?post=11452"}],"curies":[{"name":"wp","href":"https:\/\/api.w.org\/{rel}","templated":true}]}}