{"id":11450,"date":"2025-12-16T17:22:13","date_gmt":"2025-12-16T15:22:13","guid":{"rendered":"https:\/\/ursus.ee\/toode\/brazilian-body-kontsentreeritud-isepruunistavad-tilgad-naole-ja-kehale-2\/"},"modified":"2026-03-27T16:23:55","modified_gmt":"2026-03-27T14:23:55","slug":"brazilian-body-kontsentreeritud-isepruunistavad-tilgad-naole-ja-kehale-2","status":"publish","type":"product","link":"https:\/\/ursus.ee\/en\/toode\/brazilian-body-kontsentreeritud-isepruunistavad-tilgad-naole-ja-kehale-2\/","title":{"rendered":"Brazilian Body kontsentreeritud isepruunistavad tilgad n\u00e4ole ja kehale"},"content":{"rendered":"<p>Kontsentreeritud isepruunistavad tilgad n\u00e4ole ja kehale tagavad kauakestva, kauni ja loomuliku v\u00e4limusega p\u00e4evituse, mis on n\u00e4htav juba 1h p\u00e4rast pealekandmist. Koostises olev D-er\u00fctruloos on alternatiiv s\u00fcnteetilistele isepruunistavatele ainetele, see muudab nahatooni j\u00e4rk-j\u00e4rgult jumekamaks, tagades \u00fchtlase jume. Ei j\u00e4ta plekke ega l\u00f5hna. Guaraana ja avokaado ekstrakt siluvad, pinguldavad ja toidavad nahka.<\/p>\n","protected":false},"excerpt":{"rendered":"<p>Kontsentreeritud isepruunistavad tilgad n\u00e4ole ja kehale tagavad kauakestva, kauni ja loomuliku v\u00e4limusega p\u00e4evituse, mis on n\u00e4htav juba 1h p\u00e4rast pealekandmist. Koostises olev D-er\u00fctruloos on alternatiiv s\u00fcnteetilistele isepruunistavatele ainetele, see muudab nahatooni j\u00e4rk-j\u00e4rgult jumekamaks, tagades \u00fchtlase jume. Ei j\u00e4ta plekke ega l\u00f5hna. Guaraana ja avokaado ekstrakt siluvad, pinguldavad ja toidavad nahka.<\/p>\n","protected":false},"featured_media":11451,"comment_status":"closed","ping_status":"open","template":"","meta":{"_acf_changed":false},"product_brand":[187],"product_cat":[244,262],"product_tag":[],"class_list":{"0":"post-11450","1":"product","2":"type-product","3":"status-publish","4":"has-post-thumbnail","6":"product_brand-eveline-cosmetics","7":"product_cat-kehahooldus","8":"product_cat-kehakreemid","9":"pa_kogus-18-ml","10":"pa_koostis-aqua-waterdihydroxyacetoneglyceringlycereth-26propanediolcitrus-aurantium-dulcis-fruit-extractpaullinia-cupana-seed-extractpersea-gratissima-fruit-extracterythrulosecaramelsodium-hyaluron","11":"pa_paritolumaa-poola","12":"pa_uhik-ml","14":"first","15":"instock","16":"purchasable","17":"product-type-simple"},"acf":[],"_links":{"self":[{"href":"https:\/\/ursus.ee\/en\/wp-json\/wp\/v2\/product\/11450","targetHints":{"allow":["GET"]}}],"collection":[{"href":"https:\/\/ursus.ee\/en\/wp-json\/wp\/v2\/product"}],"about":[{"href":"https:\/\/ursus.ee\/en\/wp-json\/wp\/v2\/types\/product"}],"replies":[{"embeddable":true,"href":"https:\/\/ursus.ee\/en\/wp-json\/wp\/v2\/comments?post=11450"}],"wp:featuredmedia":[{"embeddable":true,"href":"https:\/\/ursus.ee\/en\/wp-json\/wp\/v2\/media\/11451"}],"wp:attachment":[{"href":"https:\/\/ursus.ee\/en\/wp-json\/wp\/v2\/media?parent=11450"}],"wp:term":[{"taxonomy":"product_brand","embeddable":true,"href":"https:\/\/ursus.ee\/en\/wp-json\/wp\/v2\/product_brand?post=11450"},{"taxonomy":"product_cat","embeddable":true,"href":"https:\/\/ursus.ee\/en\/wp-json\/wp\/v2\/product_cat?post=11450"},{"taxonomy":"product_tag","embeddable":true,"href":"https:\/\/ursus.ee\/en\/wp-json\/wp\/v2\/product_tag?post=11450"}],"curies":[{"name":"wp","href":"https:\/\/api.w.org\/{rel}","templated":true}]}}