{"id":11448,"date":"2025-12-16T17:22:13","date_gmt":"2025-12-16T15:22:13","guid":{"rendered":"https:\/\/ursus.ee\/toode\/brazilian-body-pinguldav-isepruunistav-kehakreem-2\/"},"modified":"2026-03-27T16:23:55","modified_gmt":"2026-03-27T14:23:55","slug":"brazilian-body-pinguldav-isepruunistav-kehakreem-2","status":"publish","type":"product","link":"https:\/\/ursus.ee\/en\/toode\/brazilian-body-pinguldav-isepruunistav-kehakreem-2\/","title":{"rendered":"Brazilian Body pinguldav isepruunistav kehakreem"},"content":{"rendered":"<p>Brazilian Body isepruunistav kehakreem tagab kauakestva, kauni ja loomuliku v\u00e4limusega p\u00e4evituse, mis on n\u00e4htav juba 1h p\u00e4rast pealekandmist. T\u00e4iustatud InteligentTanFormula\u2122 koostis on kergesti imenduv ja meeldiva l\u00f5hnaga, ei m\u00e4\u00e4ri ja tagab \u00fchtlase jume. Toode parandab naha seisundit t\u00e4nu oma niisutavale ja pingulvale toimele.<\/p>\n","protected":false},"excerpt":{"rendered":"<p>Brazilian Body isepruunistav kehakreem tagab kauakestva, kauni ja loomuliku v\u00e4limusega p\u00e4evituse, mis on n\u00e4htav juba 1h p\u00e4rast pealekandmist. T\u00e4iustatud InteligentTanFormula\u2122 koostis on kergesti imenduv ja meeldiva l\u00f5hnaga, ei m\u00e4\u00e4ri ja tagab \u00fchtlase jume. Toode parandab naha seisundit t\u00e4nu oma niisutavale ja pingulvale toimele.<\/p>\n","protected":false},"featured_media":11449,"comment_status":"closed","ping_status":"open","template":"","meta":{"_acf_changed":false},"product_brand":[187],"product_cat":[244,262],"product_tag":[],"class_list":{"0":"post-11448","1":"product","2":"type-product","3":"status-publish","4":"has-post-thumbnail","6":"product_brand-eveline-cosmetics","7":"product_cat-kehahooldus","8":"product_cat-kehakreemid","9":"pa_kogus-150-ml","10":"pa_koostis-aqua-water-ethylhexyl-stearate-cetyl-alcohol-dihydroxyacetone-glyceryl-stearate-peg-100-stearate-dicaprylyl-ether-glycerin-hydroxypropyl-starch-phosphate-butyrospermum-parkii-butter-theob","11":"pa_paritolumaa-poola","12":"pa_uhik-ml","14":"first","15":"instock","16":"purchasable","17":"product-type-simple"},"acf":[],"_links":{"self":[{"href":"https:\/\/ursus.ee\/en\/wp-json\/wp\/v2\/product\/11448","targetHints":{"allow":["GET"]}}],"collection":[{"href":"https:\/\/ursus.ee\/en\/wp-json\/wp\/v2\/product"}],"about":[{"href":"https:\/\/ursus.ee\/en\/wp-json\/wp\/v2\/types\/product"}],"replies":[{"embeddable":true,"href":"https:\/\/ursus.ee\/en\/wp-json\/wp\/v2\/comments?post=11448"}],"wp:featuredmedia":[{"embeddable":true,"href":"https:\/\/ursus.ee\/en\/wp-json\/wp\/v2\/media\/11449"}],"wp:attachment":[{"href":"https:\/\/ursus.ee\/en\/wp-json\/wp\/v2\/media?parent=11448"}],"wp:term":[{"taxonomy":"product_brand","embeddable":true,"href":"https:\/\/ursus.ee\/en\/wp-json\/wp\/v2\/product_brand?post=11448"},{"taxonomy":"product_cat","embeddable":true,"href":"https:\/\/ursus.ee\/en\/wp-json\/wp\/v2\/product_cat?post=11448"},{"taxonomy":"product_tag","embeddable":true,"href":"https:\/\/ursus.ee\/en\/wp-json\/wp\/v2\/product_tag?post=11448"}],"curies":[{"name":"wp","href":"https:\/\/api.w.org\/{rel}","templated":true}]}}