{"id":11446,"date":"2025-12-16T17:22:13","date_gmt":"2025-12-16T15:22:13","guid":{"rendered":"https:\/\/ursus.ee\/toode\/revitalum-sos-jalakreem-35-uureagaparafiin-75ml-2\/"},"modified":"2026-03-27T16:24:26","modified_gmt":"2026-03-27T14:24:26","slug":"revitalum-sos-jalakreem-35-uureagaparafiin-75ml-2","status":"publish","type":"product","link":"https:\/\/ursus.ee\/en\/toode\/revitalum-sos-jalakreem-35-uureagaparafiin-75ml-2\/","title":{"rendered":"Revitalum SOS jalakreem 35% uureaga+parafiin 75ml"},"content":{"rendered":"<p>Intensiivselt toitva koostisega jalakreem-mask niisutab karedaid ja l\u00f5henevaid alasid, nagu kannad v\u00f5i jalalaba keskosa. Innovatiivne 35% kompleks p\u00f5hineb parafiinil ja uureal ning on rikastatud lipiididega, mis aitavad pehmendada k\u00f5va ja paksenenud naha piirkondi, j\u00e4ttes naha pehmeks ja siledaks.<\/p>\n","protected":false},"excerpt":{"rendered":"<p>Intensiivselt toitva koostisega jalakreem-mask niisutab karedaid ja l\u00f5henevaid alasid, nagu kannad v\u00f5i jalalaba keskosa. Innovatiivne 35% kompleks p\u00f5hineb parafiinil ja uureal ning on rikastatud lipiididega, mis aitavad pehmendada k\u00f5va ja paksenenud naha piirkondi, j\u00e4ttes naha pehmeks ja siledaks.<\/p>\n","protected":false},"featured_media":11447,"comment_status":"closed","ping_status":"open","template":"","meta":{"_acf_changed":false},"product_brand":[187],"product_cat":[244,507],"product_tag":[],"class_list":{"0":"post-11446","1":"product","2":"type-product","3":"status-publish","4":"has-post-thumbnail","6":"product_brand-eveline-cosmetics","7":"product_cat-kehahooldus","8":"product_cat-kate-ja-jalahooldus","9":"pa_kogus-75-ml","10":"pa_koostis-urea-provides-moisturizing-and-exfoliating-effects-helping-remove-dead-skin-and-soften-hard-areas-paraffin-intensively-regenerates-creates-a-protective-layer-and-retains-moistu","11":"pa_paritolumaa-poola","12":"pa_uhik-ml","14":"first","15":"instock","16":"purchasable","17":"product-type-simple"},"acf":[],"_links":{"self":[{"href":"https:\/\/ursus.ee\/en\/wp-json\/wp\/v2\/product\/11446","targetHints":{"allow":["GET"]}}],"collection":[{"href":"https:\/\/ursus.ee\/en\/wp-json\/wp\/v2\/product"}],"about":[{"href":"https:\/\/ursus.ee\/en\/wp-json\/wp\/v2\/types\/product"}],"replies":[{"embeddable":true,"href":"https:\/\/ursus.ee\/en\/wp-json\/wp\/v2\/comments?post=11446"}],"wp:featuredmedia":[{"embeddable":true,"href":"https:\/\/ursus.ee\/en\/wp-json\/wp\/v2\/media\/11447"}],"wp:attachment":[{"href":"https:\/\/ursus.ee\/en\/wp-json\/wp\/v2\/media?parent=11446"}],"wp:term":[{"taxonomy":"product_brand","embeddable":true,"href":"https:\/\/ursus.ee\/en\/wp-json\/wp\/v2\/product_brand?post=11446"},{"taxonomy":"product_cat","embeddable":true,"href":"https:\/\/ursus.ee\/en\/wp-json\/wp\/v2\/product_cat?post=11446"},{"taxonomy":"product_tag","embeddable":true,"href":"https:\/\/ursus.ee\/en\/wp-json\/wp\/v2\/product_tag?post=11446"}],"curies":[{"name":"wp","href":"https:\/\/api.w.org\/{rel}","templated":true}]}}