{"id":11439,"date":"2025-12-16T17:22:13","date_gmt":"2025-12-16T15:22:13","guid":{"rendered":"https:\/\/ursus.ee\/toode\/foot-care-med-niisutav-ja-taastav-kreem-lohenenud-kandadele-2\/"},"modified":"2026-03-27T16:24:27","modified_gmt":"2026-03-27T14:24:27","slug":"foot-care-med-niisutav-ja-taastav-kreem-lohenenud-kandadele-2","status":"publish","type":"product","link":"https:\/\/ursus.ee\/en\/toode\/foot-care-med-niisutav-ja-taastav-kreem-lohenenud-kandadele-2\/","title":{"rendered":"Foot Care Med+ Niisutav ja taastav kreem l\u00f5henenud kandadele"},"content":{"rendered":"<p>Rikkaliku taastava koostisega toitev jalakreem, mis pehmendab, niisutab ja taastab nahka. Regulaarne kasutamine aitab ennetada naha kuivust, karedust ja kandade l\u00f5henemist. Rahustab nahka, leevendab \u00e4rritusi ja soodustab mikrovigastuste paranemist. J\u00e4tab jalad sametiselt pehmeks, siledaks ja meeldivalt l\u00f5hnavaks.<\/p>\n","protected":false},"excerpt":{"rendered":"<p>Rikkaliku taastava koostisega toitev jalakreem, mis pehmendab, niisutab ja taastab nahka. Regulaarne kasutamine aitab ennetada naha kuivust, karedust ja kandade l\u00f5henemist. Rahustab nahka, leevendab \u00e4rritusi ja soodustab mikrovigastuste paranemist. J\u00e4tab jalad sametiselt pehmeks, siledaks ja meeldivalt l\u00f5hnavaks.<\/p>\n","protected":false},"featured_media":11440,"comment_status":"closed","ping_status":"open","template":"","meta":{"_acf_changed":false},"product_brand":[187],"product_cat":[244,507],"product_tag":[],"class_list":{"0":"post-11439","1":"product","2":"type-product","3":"status-publish","4":"has-post-thumbnail","6":"product_brand-eveline-cosmetics","7":"product_cat-kehahooldus","8":"product_cat-kate-ja-jalahooldus","9":"pa_kogus-100-ml","10":"pa_koostis-aqua-vesi-glutseruulstearaat-se-tsetearuulalkohol-etuulheksuulstearaat-uurea-glutseriin-buturospermum-parkii-voi-vaseliin-isopropuulmuristaat-dimetikoon-propuleenglukool","11":"pa_paritolumaa-poola","12":"pa_uhik-ml","14":"first","15":"instock","16":"purchasable","17":"product-type-simple"},"acf":[],"_links":{"self":[{"href":"https:\/\/ursus.ee\/en\/wp-json\/wp\/v2\/product\/11439","targetHints":{"allow":["GET"]}}],"collection":[{"href":"https:\/\/ursus.ee\/en\/wp-json\/wp\/v2\/product"}],"about":[{"href":"https:\/\/ursus.ee\/en\/wp-json\/wp\/v2\/types\/product"}],"replies":[{"embeddable":true,"href":"https:\/\/ursus.ee\/en\/wp-json\/wp\/v2\/comments?post=11439"}],"wp:featuredmedia":[{"embeddable":true,"href":"https:\/\/ursus.ee\/en\/wp-json\/wp\/v2\/media\/11440"}],"wp:attachment":[{"href":"https:\/\/ursus.ee\/en\/wp-json\/wp\/v2\/media?parent=11439"}],"wp:term":[{"taxonomy":"product_brand","embeddable":true,"href":"https:\/\/ursus.ee\/en\/wp-json\/wp\/v2\/product_brand?post=11439"},{"taxonomy":"product_cat","embeddable":true,"href":"https:\/\/ursus.ee\/en\/wp-json\/wp\/v2\/product_cat?post=11439"},{"taxonomy":"product_tag","embeddable":true,"href":"https:\/\/ursus.ee\/en\/wp-json\/wp\/v2\/product_tag?post=11439"}],"curies":[{"name":"wp","href":"https:\/\/api.w.org\/{rel}","templated":true}]}}