{"id":11437,"date":"2025-12-16T17:22:13","date_gmt":"2025-12-16T15:22:13","guid":{"rendered":"https:\/\/ursus.ee\/toode\/foot-care-med-kooriv-mask-2\/"},"modified":"2026-03-27T16:24:26","modified_gmt":"2026-03-27T14:24:26","slug":"foot-care-med-kooriv-mask-2","status":"publish","type":"product","link":"https:\/\/ursus.ee\/en\/toode\/foot-care-med-kooriv-mask-2\/","title":{"rendered":"Foot Care Med+ kooriv mask"},"content":{"rendered":"<p>Kooriv jalamask kandadele. Vedel koorimine taastab jalgade pehmuse ning usaldusv\u00e4\u00e4rselt lahustab sarvkihi puuviljahapete abil, mille tagaj\u00e4rjel toimub surnud naharakkude maha koorumine. Toode kiirendab naharakkude uuenemisprotsesse, soodustab nende kiiremat taastumist. On intensiivselt kooriva toimega, annab jalgadele siidisuse ja sileduse.<\/p>\n","protected":false},"excerpt":{"rendered":"<p>Kooriv jalamask kandadele. Vedel koorimine taastab jalgade pehmuse ning usaldusv\u00e4\u00e4rselt lahustab sarvkihi puuviljahapete abil, mille tagaj\u00e4rjel toimub surnud naharakkude maha koorumine. Toode kiirendab naharakkude uuenemisprotsesse, soodustab nende kiiremat taastumist. On intensiivselt kooriva toimega, annab jalgadele siidisuse ja sileduse.<\/p>\n","protected":false},"featured_media":11438,"comment_status":"closed","ping_status":"open","template":"","meta":{"_acf_changed":false},"product_brand":[187],"product_cat":[244,507],"product_tag":[],"class_list":{"0":"post-11437","1":"product","2":"type-product","3":"status-publish","4":"has-post-thumbnail","6":"product_brand-eveline-cosmetics","7":"product_cat-kehahooldus","8":"product_cat-kate-ja-jalahooldus","9":"pa_kogus-1-paar","10":"pa_paritolumaa-poola","11":"pa_uhik-paar","13":"first","14":"instock","15":"purchasable","16":"product-type-simple"},"acf":[],"_links":{"self":[{"href":"https:\/\/ursus.ee\/en\/wp-json\/wp\/v2\/product\/11437","targetHints":{"allow":["GET"]}}],"collection":[{"href":"https:\/\/ursus.ee\/en\/wp-json\/wp\/v2\/product"}],"about":[{"href":"https:\/\/ursus.ee\/en\/wp-json\/wp\/v2\/types\/product"}],"replies":[{"embeddable":true,"href":"https:\/\/ursus.ee\/en\/wp-json\/wp\/v2\/comments?post=11437"}],"wp:featuredmedia":[{"embeddable":true,"href":"https:\/\/ursus.ee\/en\/wp-json\/wp\/v2\/media\/11438"}],"wp:attachment":[{"href":"https:\/\/ursus.ee\/en\/wp-json\/wp\/v2\/media?parent=11437"}],"wp:term":[{"taxonomy":"product_brand","embeddable":true,"href":"https:\/\/ursus.ee\/en\/wp-json\/wp\/v2\/product_brand?post=11437"},{"taxonomy":"product_cat","embeddable":true,"href":"https:\/\/ursus.ee\/en\/wp-json\/wp\/v2\/product_cat?post=11437"},{"taxonomy":"product_tag","embeddable":true,"href":"https:\/\/ursus.ee\/en\/wp-json\/wp\/v2\/product_tag?post=11437"}],"curies":[{"name":"wp","href":"https:\/\/api.w.org\/{rel}","templated":true}]}}