{"id":11433,"date":"2025-12-16T17:22:13","date_gmt":"2025-12-16T15:22:13","guid":{"rendered":"https:\/\/ursus.ee\/toode\/argan-vanilla-professional-luxury-kate-ja-kuunekreem-mini-30ml-2\/"},"modified":"2026-03-27T16:24:26","modified_gmt":"2026-03-27T14:24:26","slug":"argan-vanilla-professional-luxury-kate-ja-kuunekreem-mini-30ml-2","status":"publish","type":"product","link":"https:\/\/ursus.ee\/en\/toode\/argan-vanilla-professional-luxury-kate-ja-kuunekreem-mini-30ml-2\/","title":{"rendered":"Argan &#038; Vanilla Professional Luxury k\u00e4te- ja k\u00fc\u00fcnekreem mini 30ml"},"content":{"rendered":"<p>Argan &#038; Vanilla Professional Luxury k\u00e4te- ja k\u00fc\u00fcnekreem on kreem-seerum kompaktses suuruses, ideaalne kaaslane k\u00e4ekotis v\u00f5i reisil. See niisutab intensiivselt, silendab nahka ja tugevdab k\u00fc\u00fcsi, pakkudes samal ajal rahustavat vanillil\u00f5hna, mis hellitab meeli.<br \/>\nInnovaatiline koostis taastab naha elastsuse, toidab s\u00fcgavuti ja muudab k\u00e4ed juba p\u00e4rast esimest kasutuskorda sametiselt pehmeks. Sobib igap\u00e4evaseks kasutamiseks \u2013 kiire niisutus ja hooldus igal ajal ja igal pool.<\/p>\n","protected":false},"excerpt":{"rendered":"<p>Argan &#038; Vanilla Professional Luxury k\u00e4te- ja k\u00fc\u00fcnekreem on kreem-seerum kompaktses suuruses, ideaalne kaaslane k\u00e4ekotis v\u00f5i reisil. See niisutab intensiivselt, silendab nahka ja tugevdab k\u00fc\u00fcsi, pakkudes samal ajal rahustavat vanillil\u00f5hna, mis hellitab meeli. Innovaatiline koostis taastab naha elastsuse, toidab s\u00fcgavuti ja muudab k\u00e4ed juba p\u00e4rast esimest kasutuskorda sametiselt pehmeks. Sobib igap\u00e4evaseks kasutamiseks \u2013 kiire niisutus<\/p>\n","protected":false},"featured_media":11434,"comment_status":"closed","ping_status":"open","template":"","meta":{"_acf_changed":false},"product_brand":[187],"product_cat":[244,507],"product_tag":[],"class_list":{"0":"post-11433","1":"product","2":"type-product","3":"status-publish","4":"has-post-thumbnail","6":"product_brand-eveline-cosmetics","7":"product_cat-kehahooldus","8":"product_cat-kate-ja-jalahooldus","9":"pa_kogus-30-ml","10":"pa_paritolumaa-poola","11":"pa_uhik-ml","13":"first","14":"instock","15":"purchasable","16":"product-type-simple"},"acf":[],"_links":{"self":[{"href":"https:\/\/ursus.ee\/en\/wp-json\/wp\/v2\/product\/11433","targetHints":{"allow":["GET"]}}],"collection":[{"href":"https:\/\/ursus.ee\/en\/wp-json\/wp\/v2\/product"}],"about":[{"href":"https:\/\/ursus.ee\/en\/wp-json\/wp\/v2\/types\/product"}],"replies":[{"embeddable":true,"href":"https:\/\/ursus.ee\/en\/wp-json\/wp\/v2\/comments?post=11433"}],"wp:featuredmedia":[{"embeddable":true,"href":"https:\/\/ursus.ee\/en\/wp-json\/wp\/v2\/media\/11434"}],"wp:attachment":[{"href":"https:\/\/ursus.ee\/en\/wp-json\/wp\/v2\/media?parent=11433"}],"wp:term":[{"taxonomy":"product_brand","embeddable":true,"href":"https:\/\/ursus.ee\/en\/wp-json\/wp\/v2\/product_brand?post=11433"},{"taxonomy":"product_cat","embeddable":true,"href":"https:\/\/ursus.ee\/en\/wp-json\/wp\/v2\/product_cat?post=11433"},{"taxonomy":"product_tag","embeddable":true,"href":"https:\/\/ursus.ee\/en\/wp-json\/wp\/v2\/product_tag?post=11433"}],"curies":[{"name":"wp","href":"https:\/\/api.w.org\/{rel}","templated":true}]}}