{"id":11431,"date":"2025-12-16T17:22:13","date_gmt":"2025-12-16T15:22:13","guid":{"rendered":"https:\/\/ursus.ee\/toode\/argan-vanilla-professional-luxury-kate-ja-kuunekreem-2\/"},"modified":"2026-03-27T16:24:26","modified_gmt":"2026-03-27T14:24:26","slug":"argan-vanilla-professional-luxury-kate-ja-kuunekreem-2","status":"publish","type":"product","link":"https:\/\/ursus.ee\/en\/toode\/argan-vanilla-professional-luxury-kate-ja-kuunekreem-2\/","title":{"rendered":"Argan &#038; Vanilla Professional Luxury k\u00e4te- ja k\u00fc\u00fcnekreem"},"content":{"rendered":"<p>K\u00e4tekreemi rikkalik ja toitev koostis hoolitseb p\u00f5hjalikult k\u00e4te naha eest ja tugevdab k\u00fc\u00fcsi, samal ajal \u00fcmbritsedes k\u00e4ed sooja, rahustava vaniljel\u00f5hnaga. Kreem-seerum taastab ja toidab s\u00fcgavalt nahka, taastades selle elastsuse ja terve v\u00e4limuse. K\u00e4ed muutuvad sametiselt siledaks ja s\u00fcgavalt niisutatuks juba esimesest kasutuskorrast.<\/p>\n","protected":false},"excerpt":{"rendered":"<p>K\u00e4tekreemi rikkalik ja toitev koostis hoolitseb p\u00f5hjalikult k\u00e4te naha eest ja tugevdab k\u00fc\u00fcsi, samal ajal \u00fcmbritsedes k\u00e4ed sooja, rahustava vaniljel\u00f5hnaga. Kreem-seerum taastab ja toidab s\u00fcgavalt nahka, taastades selle elastsuse ja terve v\u00e4limuse. K\u00e4ed muutuvad sametiselt siledaks ja s\u00fcgavalt niisutatuks juba esimesest kasutuskorrast.<\/p>\n","protected":false},"featured_media":11432,"comment_status":"closed","ping_status":"open","template":"","meta":{"_acf_changed":false},"product_brand":[187],"product_cat":[244,507],"product_tag":[],"class_list":{"0":"post-11431","1":"product","2":"type-product","3":"status-publish","4":"has-post-thumbnail","6":"product_brand-eveline-cosmetics","7":"product_cat-kehahooldus","8":"product_cat-kate-ja-jalahooldus","9":"pa_kogus-100-ml","10":"pa_koostis-vesi-glutseriin-tsetearuulalkohol-parfuum-tsetuulalkohol-glutseruulstearaat-peg-75-stearaat-tseteet-20-steareth-20-naatriumhualuronaat-betaiin-argania-spinosa-tuumaoli-buturo","11":"pa_paritolumaa-poola","12":"pa_uhik-ml","14":"first","15":"instock","16":"purchasable","17":"product-type-simple"},"acf":[],"_links":{"self":[{"href":"https:\/\/ursus.ee\/en\/wp-json\/wp\/v2\/product\/11431","targetHints":{"allow":["GET"]}}],"collection":[{"href":"https:\/\/ursus.ee\/en\/wp-json\/wp\/v2\/product"}],"about":[{"href":"https:\/\/ursus.ee\/en\/wp-json\/wp\/v2\/types\/product"}],"replies":[{"embeddable":true,"href":"https:\/\/ursus.ee\/en\/wp-json\/wp\/v2\/comments?post=11431"}],"wp:featuredmedia":[{"embeddable":true,"href":"https:\/\/ursus.ee\/en\/wp-json\/wp\/v2\/media\/11432"}],"wp:attachment":[{"href":"https:\/\/ursus.ee\/en\/wp-json\/wp\/v2\/media?parent=11431"}],"wp:term":[{"taxonomy":"product_brand","embeddable":true,"href":"https:\/\/ursus.ee\/en\/wp-json\/wp\/v2\/product_brand?post=11431"},{"taxonomy":"product_cat","embeddable":true,"href":"https:\/\/ursus.ee\/en\/wp-json\/wp\/v2\/product_cat?post=11431"},{"taxonomy":"product_tag","embeddable":true,"href":"https:\/\/ursus.ee\/en\/wp-json\/wp\/v2\/product_tag?post=11431"}],"curies":[{"name":"wp","href":"https:\/\/api.w.org\/{rel}","templated":true}]}}