{"id":11428,"date":"2025-12-16T17:22:13","date_gmt":"2025-12-16T15:22:13","guid":{"rendered":"https:\/\/ursus.ee\/toode\/extra-soft-sos-uuendav-katekreem-5-uurea-2\/"},"modified":"2026-03-27T16:24:26","modified_gmt":"2026-03-27T14:24:26","slug":"extra-soft-sos-uuendav-katekreem-5-uurea-2","status":"publish","type":"product","link":"https:\/\/ursus.ee\/en\/toode\/extra-soft-sos-uuendav-katekreem-5-uurea-2\/","title":{"rendered":"Extra Soft SOS uuendav k\u00e4tekreem 5% uurea"},"content":{"rendered":"<p>SOS intensiivselt toitev k\u00e4tekreem 5% uurea ja lanoliiniga. T\u00e4nu k\u00f5rge kontsentratsiooniga taastavale toimele niisutab ja toidab koheselt, muutes need sametiselt siledaks juba p\u00e4rast esimest kasutuskorda. Kerge tekstuur tagab kreemi kiire imendumise ega j\u00e4ta kleepuvat tunnet. Ideaalne kasutamiseks nii \u00f6\u00f6sel kui p\u00e4eval.<\/p>\n","protected":false},"excerpt":{"rendered":"<p>SOS intensiivselt toitev k\u00e4tekreem 5% uurea ja lanoliiniga. T\u00e4nu k\u00f5rge kontsentratsiooniga taastavale toimele niisutab ja toidab koheselt, muutes need sametiselt siledaks juba p\u00e4rast esimest kasutuskorda. Kerge tekstuur tagab kreemi kiire imendumise ega j\u00e4ta kleepuvat tunnet. Ideaalne kasutamiseks nii \u00f6\u00f6sel kui p\u00e4eval.<\/p>\n","protected":false},"featured_media":11429,"comment_status":"closed","ping_status":"open","template":"","meta":{"_acf_changed":false},"product_brand":[187],"product_cat":[244,507],"product_tag":[],"class_list":{"0":"post-11428","1":"product","2":"type-product","3":"status-publish","4":"has-post-thumbnail","6":"product_brand-eveline-cosmetics","7":"product_cat-kehahooldus","8":"product_cat-kate-ja-jalahooldus","9":"pa_kogus-100-ml","10":"pa_koostis-aqua-vesi-vedel-parafiin-uurea-glutseriin-persea-gratissima-oli-dimetikoon-oktuuldodekanool-isopropuulmuristaat-allantoiin-borago-officinalisi-lehtede-ekstrakt-rosa-canina-seemne","11":"pa_paritolumaa-poola","12":"pa_uhik-ml","14":"first","15":"instock","16":"purchasable","17":"product-type-simple"},"acf":[],"_links":{"self":[{"href":"https:\/\/ursus.ee\/en\/wp-json\/wp\/v2\/product\/11428","targetHints":{"allow":["GET"]}}],"collection":[{"href":"https:\/\/ursus.ee\/en\/wp-json\/wp\/v2\/product"}],"about":[{"href":"https:\/\/ursus.ee\/en\/wp-json\/wp\/v2\/types\/product"}],"replies":[{"embeddable":true,"href":"https:\/\/ursus.ee\/en\/wp-json\/wp\/v2\/comments?post=11428"}],"wp:featuredmedia":[{"embeddable":true,"href":"https:\/\/ursus.ee\/en\/wp-json\/wp\/v2\/media\/11429"}],"wp:attachment":[{"href":"https:\/\/ursus.ee\/en\/wp-json\/wp\/v2\/media?parent=11428"}],"wp:term":[{"taxonomy":"product_brand","embeddable":true,"href":"https:\/\/ursus.ee\/en\/wp-json\/wp\/v2\/product_brand?post=11428"},{"taxonomy":"product_cat","embeddable":true,"href":"https:\/\/ursus.ee\/en\/wp-json\/wp\/v2\/product_cat?post=11428"},{"taxonomy":"product_tag","embeddable":true,"href":"https:\/\/ursus.ee\/en\/wp-json\/wp\/v2\/product_tag?post=11428"}],"curies":[{"name":"wp","href":"https:\/\/api.w.org\/{rel}","templated":true}]}}