{"id":11425,"date":"2025-12-16T17:22:13","date_gmt":"2025-12-16T15:22:13","guid":{"rendered":"https:\/\/ursus.ee\/toode\/katekreem-i-love-vegan-food-vaarikaskoriander-2\/"},"modified":"2026-03-27T16:24:27","modified_gmt":"2026-03-27T14:24:27","slug":"katekreem-i-love-vegan-food-vaarikaskoriander-2","status":"publish","type":"product","link":"https:\/\/ursus.ee\/en\/toode\/katekreem-i-love-vegan-food-vaarikaskoriander-2\/","title":{"rendered":"K\u00e4tekreem I Love Vegan Food vaarikas&#038;koriander"},"content":{"rendered":"<p>Kaitsev k\u00e4tekreem vaarika ja koriandriga tagab kuivale ja l\u00f5henenud nahale kohese niisutuse, rahustab \u00e4rritunud nahka ja kaitseb nahka liigkuivamise eest. Aktiivsed koostisosad: koriander, vaarikas, allantoiin, sheav\u00f5i.<\/p>\n","protected":false},"excerpt":{"rendered":"<p>Kaitsev k\u00e4tekreem vaarika ja koriandriga tagab kuivale ja l\u00f5henenud nahale kohese niisutuse, rahustab \u00e4rritunud nahka ja kaitseb nahka liigkuivamise eest. Aktiivsed koostisosad: koriander, vaarikas, allantoiin, sheav\u00f5i.<\/p>\n","protected":false},"featured_media":11426,"comment_status":"closed","ping_status":"open","template":"","meta":{"_acf_changed":false},"product_brand":[187],"product_cat":[244,507],"product_tag":[],"class_list":{"0":"post-11425","1":"product","2":"type-product","3":"status-publish","4":"has-post-thumbnail","6":"product_brand-eveline-cosmetics","7":"product_cat-kehahooldus","8":"product_cat-kate-ja-jalahooldus","9":"pa_kogus-50-ml","10":"pa_koostis-aqua-water-glycerin-cetearyl-alcohol-stearic-acid-palmitic-acid-butyrospermum-parkii-butter-prunus-amygdalus-sweet-almond-dulsic-oil-phenoxyethanol-sodium-cetearyl-sulfate-parfum-fragra","11":"pa_paritolumaa-poola","12":"pa_uhik-ml","14":"first","15":"instock","16":"purchasable","17":"product-type-simple"},"acf":[],"_links":{"self":[{"href":"https:\/\/ursus.ee\/en\/wp-json\/wp\/v2\/product\/11425","targetHints":{"allow":["GET"]}}],"collection":[{"href":"https:\/\/ursus.ee\/en\/wp-json\/wp\/v2\/product"}],"about":[{"href":"https:\/\/ursus.ee\/en\/wp-json\/wp\/v2\/types\/product"}],"replies":[{"embeddable":true,"href":"https:\/\/ursus.ee\/en\/wp-json\/wp\/v2\/comments?post=11425"}],"wp:featuredmedia":[{"embeddable":true,"href":"https:\/\/ursus.ee\/en\/wp-json\/wp\/v2\/media\/11426"}],"wp:attachment":[{"href":"https:\/\/ursus.ee\/en\/wp-json\/wp\/v2\/media?parent=11425"}],"wp:term":[{"taxonomy":"product_brand","embeddable":true,"href":"https:\/\/ursus.ee\/en\/wp-json\/wp\/v2\/product_brand?post=11425"},{"taxonomy":"product_cat","embeddable":true,"href":"https:\/\/ursus.ee\/en\/wp-json\/wp\/v2\/product_cat?post=11425"},{"taxonomy":"product_tag","embeddable":true,"href":"https:\/\/ursus.ee\/en\/wp-json\/wp\/v2\/product_tag?post=11425"}],"curies":[{"name":"wp","href":"https:\/\/api.w.org\/{rel}","templated":true}]}}