{"id":11417,"date":"2025-12-16T17:22:13","date_gmt":"2025-12-16T15:22:13","guid":{"rendered":"https:\/\/ursus.ee\/toode\/extra-soft-kate-ja-kuunekreem-5-urea-3in1-2\/"},"modified":"2026-03-27T16:24:26","modified_gmt":"2026-03-27T14:24:26","slug":"extra-soft-kate-ja-kuunekreem-5-urea-3in1-2","status":"publish","type":"product","link":"https:\/\/ursus.ee\/en\/toode\/extra-soft-kate-ja-kuunekreem-5-urea-3in1-2\/","title":{"rendered":"Extra Soft k\u00e4te- ja k\u00fc\u00fcnekreem 5% Urea 3in1"},"content":{"rendered":"<p>K\u00e4tekreem uuendab, niisutab ja toidab nahka, muutes k\u00e4ed siidiselt pehmeks. Kerge koostisega seerum imendub kiiresti ning ei j\u00e4ta nahka kleepuvaks. Sobib ka k\u00f5ige kuivemale nahale. Sisaldab h\u00fcaluroonhapet, 5% uureat, gl\u00fctseriini, D-pantenooli, avokaado\u00f5li, allantoiine ja E-vitamiini.<\/p>\n","protected":false},"excerpt":{"rendered":"<p>K\u00e4tekreem uuendab, niisutab ja toidab nahka, muutes k\u00e4ed siidiselt pehmeks. Kerge koostisega seerum imendub kiiresti ning ei j\u00e4ta nahka kleepuvaks. Sobib ka k\u00f5ige kuivemale nahale. Sisaldab h\u00fcaluroonhapet, 5% uureat, gl\u00fctseriini, D-pantenooli, avokaado\u00f5li, allantoiine ja E-vitamiini.<\/p>\n","protected":false},"featured_media":11418,"comment_status":"closed","ping_status":"open","template":"","meta":{"_acf_changed":false},"product_brand":[187],"product_cat":[244,507],"product_tag":[],"class_list":{"0":"post-11417","1":"product","2":"type-product","3":"status-publish","4":"has-post-thumbnail","6":"product_brand-eveline-cosmetics","7":"product_cat-kehahooldus","8":"product_cat-kate-ja-jalahooldus","9":"pa_kogus-100-ml","10":"pa_koostis-aqua-paraffinum-liquidum-ures-glycerin-persea-gratissima-oil-olus-oil-octyldodecanol-dimethicone-acrylates-c10-30-alkyl-acrylate-crosspolymer-triethanolamine-isopropyl-myristate-allantoin","11":"pa_paritolumaa-poola","12":"pa_uhik-ml","14":"first","15":"instock","16":"purchasable","17":"product-type-simple"},"acf":[],"_links":{"self":[{"href":"https:\/\/ursus.ee\/en\/wp-json\/wp\/v2\/product\/11417","targetHints":{"allow":["GET"]}}],"collection":[{"href":"https:\/\/ursus.ee\/en\/wp-json\/wp\/v2\/product"}],"about":[{"href":"https:\/\/ursus.ee\/en\/wp-json\/wp\/v2\/types\/product"}],"replies":[{"embeddable":true,"href":"https:\/\/ursus.ee\/en\/wp-json\/wp\/v2\/comments?post=11417"}],"wp:featuredmedia":[{"embeddable":true,"href":"https:\/\/ursus.ee\/en\/wp-json\/wp\/v2\/media\/11418"}],"wp:attachment":[{"href":"https:\/\/ursus.ee\/en\/wp-json\/wp\/v2\/media?parent=11417"}],"wp:term":[{"taxonomy":"product_brand","embeddable":true,"href":"https:\/\/ursus.ee\/en\/wp-json\/wp\/v2\/product_brand?post=11417"},{"taxonomy":"product_cat","embeddable":true,"href":"https:\/\/ursus.ee\/en\/wp-json\/wp\/v2\/product_cat?post=11417"},{"taxonomy":"product_tag","embeddable":true,"href":"https:\/\/ursus.ee\/en\/wp-json\/wp\/v2\/product_tag?post=11417"}],"curies":[{"name":"wp","href":"https:\/\/api.w.org\/{rel}","templated":true}]}}