{"id":11415,"date":"2025-12-16T17:22:13","date_gmt":"2025-12-16T15:22:13","guid":{"rendered":"https:\/\/ursus.ee\/toode\/sensitive-epil-depileerimiskreem-tundlikule-nahale-2\/"},"modified":"2026-03-27T16:23:56","modified_gmt":"2026-03-27T14:23:56","slug":"sensitive-epil-depileerimiskreem-tundlikule-nahale-2","status":"publish","type":"product","link":"https:\/\/ursus.ee\/en\/toode\/sensitive-epil-depileerimiskreem-tundlikule-nahale-2\/","title":{"rendered":"Sensitive Epil! Depileerimiskreem tundlikule nahale"},"content":{"rendered":"<p>Eriti tundlikule nahale v\u00e4lja t\u00f6\u00f6tatud depileerimiskreem sobib jalgade, k\u00e4te ja bikiinipriikonna karvade eemaldamiseks. Kreem eemaldab karvad efektiivselt ja maksimaalselt karvan\u00e4\u00e4psu l\u00e4hedalt. Kreemi koostis on rikastatud keramiidide ja roosiekstraktiga, mis taastavad ja niisutavad nahka, muutes selle siledaks ja siidiseks. Uuenduslik koostis aeglustab karvade tagasi kasvamist.<\/p>\n","protected":false},"excerpt":{"rendered":"<p>Eriti tundlikule nahale v\u00e4lja t\u00f6\u00f6tatud depileerimiskreem sobib jalgade, k\u00e4te ja bikiinipriikonna karvade eemaldamiseks. Kreem eemaldab karvad efektiivselt ja maksimaalselt karvan\u00e4\u00e4psu l\u00e4hedalt. Kreemi koostis on rikastatud keramiidide ja roosiekstraktiga, mis taastavad ja niisutavad nahka, muutes selle siledaks ja siidiseks. Uuenduslik koostis aeglustab karvade tagasi kasvamist.<\/p>\n","protected":false},"featured_media":11416,"comment_status":"closed","ping_status":"open","template":"","meta":{"_acf_changed":false},"product_brand":[187],"product_cat":[244,262],"product_tag":[],"class_list":{"0":"post-11415","1":"product","2":"type-product","3":"status-publish","4":"has-post-thumbnail","6":"product_brand-eveline-cosmetics","7":"product_cat-kehahooldus","8":"product_cat-kehakreemid","9":"pa_kogus-125-ml","10":"pa_koostis-aqua-water-cetearyl-alcohol-potassium-thioglycolate-calcium-hydroxide-ceteareth-20-paraffinum-liquidum-glyceryl-stearate-se-propylene-glycol-cocos-nucifera-oil-tocopheryl-acetate-maris-sa","11":"pa_paritolumaa-poola","12":"pa_uhik-ml","14":"first","15":"instock","16":"purchasable","17":"product-type-simple"},"acf":[],"_links":{"self":[{"href":"https:\/\/ursus.ee\/en\/wp-json\/wp\/v2\/product\/11415","targetHints":{"allow":["GET"]}}],"collection":[{"href":"https:\/\/ursus.ee\/en\/wp-json\/wp\/v2\/product"}],"about":[{"href":"https:\/\/ursus.ee\/en\/wp-json\/wp\/v2\/types\/product"}],"replies":[{"embeddable":true,"href":"https:\/\/ursus.ee\/en\/wp-json\/wp\/v2\/comments?post=11415"}],"wp:featuredmedia":[{"embeddable":true,"href":"https:\/\/ursus.ee\/en\/wp-json\/wp\/v2\/media\/11416"}],"wp:attachment":[{"href":"https:\/\/ursus.ee\/en\/wp-json\/wp\/v2\/media?parent=11415"}],"wp:term":[{"taxonomy":"product_brand","embeddable":true,"href":"https:\/\/ursus.ee\/en\/wp-json\/wp\/v2\/product_brand?post=11415"},{"taxonomy":"product_cat","embeddable":true,"href":"https:\/\/ursus.ee\/en\/wp-json\/wp\/v2\/product_cat?post=11415"},{"taxonomy":"product_tag","embeddable":true,"href":"https:\/\/ursus.ee\/en\/wp-json\/wp\/v2\/product_tag?post=11415"}],"curies":[{"name":"wp","href":"https:\/\/api.w.org\/{rel}","templated":true}]}}