{"id":11413,"date":"2025-12-16T17:22:13","date_gmt":"2025-12-16T15:22:13","guid":{"rendered":"https:\/\/ursus.ee\/toode\/depileerimiskreem-naole-20ml-depileerimisjargne-geel-2x5ml-99-aloe-2\/"},"modified":"2026-03-27T16:23:56","modified_gmt":"2026-03-27T14:23:56","slug":"depileerimiskreem-naole-20ml-depileerimisjargne-geel-2x5ml-99-aloe-2","status":"publish","type":"product","link":"https:\/\/ursus.ee\/en\/toode\/depileerimiskreem-naole-20ml-depileerimisjargne-geel-2x5ml-99-aloe-2\/","title":{"rendered":"Depileerimiskreem n\u00e4ole 20ml + depileerimisj\u00e4rgne geel 2x5ml 99% Aloe"},"content":{"rendered":"<p>N\u00e4o ja l\u00f5ua piirkonna jaoks m\u00f5eldud \u00f5rn kreem eemaldab k\u00f5igest 3 minutiga ka k\u00f5ige l\u00fchemad karvad, j\u00e4ttes naha ideaalselt siledaks kuni 7 p\u00e4evaks. Uuenduslik koostis aeglustab karvade tagasi kasvamist.<\/p>\n","protected":false},"excerpt":{"rendered":"<p>N\u00e4o ja l\u00f5ua piirkonna jaoks m\u00f5eldud \u00f5rn kreem eemaldab k\u00f5igest 3 minutiga ka k\u00f5ige l\u00fchemad karvad, j\u00e4ttes naha ideaalselt siledaks kuni 7 p\u00e4evaks. Uuenduslik koostis aeglustab karvade tagasi kasvamist.<\/p>\n","protected":false},"featured_media":11414,"comment_status":"closed","ping_status":"open","template":"","meta":{"_acf_changed":false},"product_brand":[187],"product_cat":[244,262],"product_tag":[],"class_list":{"0":"post-11413","1":"product","2":"type-product","3":"status-publish","4":"has-post-thumbnail","6":"product_brand-eveline-cosmetics","7":"product_cat-kehahooldus","8":"product_cat-kehakreemid","9":"pa_kogus-1-tk","10":"pa_koostis-aqua-aloe-barbadensis-leaf-juice-propanediol-propylene-glycol-glycerin-polysorbate-20-panthenol-centella-asiatica-extract-sodium-hyaluronate-phenoxyethanol-triethanolamine-acrylates-c10-30","11":"pa_paritolumaa-poola","12":"pa_uhik-tk","14":"first","15":"instock","16":"purchasable","17":"product-type-simple"},"acf":[],"_links":{"self":[{"href":"https:\/\/ursus.ee\/en\/wp-json\/wp\/v2\/product\/11413","targetHints":{"allow":["GET"]}}],"collection":[{"href":"https:\/\/ursus.ee\/en\/wp-json\/wp\/v2\/product"}],"about":[{"href":"https:\/\/ursus.ee\/en\/wp-json\/wp\/v2\/types\/product"}],"replies":[{"embeddable":true,"href":"https:\/\/ursus.ee\/en\/wp-json\/wp\/v2\/comments?post=11413"}],"wp:featuredmedia":[{"embeddable":true,"href":"https:\/\/ursus.ee\/en\/wp-json\/wp\/v2\/media\/11414"}],"wp:attachment":[{"href":"https:\/\/ursus.ee\/en\/wp-json\/wp\/v2\/media?parent=11413"}],"wp:term":[{"taxonomy":"product_brand","embeddable":true,"href":"https:\/\/ursus.ee\/en\/wp-json\/wp\/v2\/product_brand?post=11413"},{"taxonomy":"product_cat","embeddable":true,"href":"https:\/\/ursus.ee\/en\/wp-json\/wp\/v2\/product_cat?post=11413"},{"taxonomy":"product_tag","embeddable":true,"href":"https:\/\/ursus.ee\/en\/wp-json\/wp\/v2\/product_tag?post=11413"}],"curies":[{"name":"wp","href":"https:\/\/api.w.org\/{rel}","templated":true}]}}