{"id":11411,"date":"2025-12-16T17:22:13","date_gmt":"2025-12-16T15:22:13","guid":{"rendered":"https:\/\/ursus.ee\/toode\/depileerimiskreem-katele-jalgadele-bikiinipiirkonnale-99-aloe-2\/"},"modified":"2026-03-27T16:23:56","modified_gmt":"2026-03-27T14:23:56","slug":"depileerimiskreem-katele-jalgadele-bikiinipiirkonnale-99-aloe-2","status":"publish","type":"product","link":"https:\/\/ursus.ee\/en\/toode\/depileerimiskreem-katele-jalgadele-bikiinipiirkonnale-99-aloe-2\/","title":{"rendered":"Depileerimiskreem k\u00e4tele, jalgadele, bikiinipiirkonnale 99% Aloe"},"content":{"rendered":"<p>Vegan, s\u00fcgavuti niisutav depileerimiskreem jalgadele, k\u00e4tele ja bikiinipriikonnale, sisaldab 99% aloe verat, eemaldab karvad efektiivselt ja maksimaalselt karvan\u00e4\u00e4psu l\u00e4hedalt. HYDRA-DEEP SYSTEM \u2122 niisutab ja j\u00e4tab naha meeldivalt siledaks kuni 7 p\u00e4evaks.<\/p>\n","protected":false},"excerpt":{"rendered":"<p>Vegan, s\u00fcgavuti niisutav depileerimiskreem jalgadele, k\u00e4tele ja bikiinipriikonnale, sisaldab 99% aloe verat, eemaldab karvad efektiivselt ja maksimaalselt karvan\u00e4\u00e4psu l\u00e4hedalt. HYDRA-DEEP SYSTEM \u2122 niisutab ja j\u00e4tab naha meeldivalt siledaks kuni 7 p\u00e4evaks.<\/p>\n","protected":false},"featured_media":11412,"comment_status":"closed","ping_status":"open","template":"","meta":{"_acf_changed":false},"product_brand":[187],"product_cat":[244,262],"product_tag":[],"class_list":{"0":"post-11411","1":"product","2":"type-product","3":"status-publish","4":"has-post-thumbnail","6":"product_brand-eveline-cosmetics","7":"product_cat-kehahooldus","8":"product_cat-kehakreemid","9":"pa_kogus-125-ml","10":"pa_koostis-aqua-cetearyl-alcohol-thioglycolic-acid-calcium-hydroxide-ceteareth-20-potassium-hydroxide-glyceryl-stearate-se-parfum-propylene-glycol-ethylhexyl-stearate-paraffinum-liquidum-aloe-brabade","11":"pa_paritolumaa-poola","12":"pa_uhik-ml","14":"first","15":"instock","16":"purchasable","17":"product-type-simple"},"acf":[],"_links":{"self":[{"href":"https:\/\/ursus.ee\/en\/wp-json\/wp\/v2\/product\/11411","targetHints":{"allow":["GET"]}}],"collection":[{"href":"https:\/\/ursus.ee\/en\/wp-json\/wp\/v2\/product"}],"about":[{"href":"https:\/\/ursus.ee\/en\/wp-json\/wp\/v2\/types\/product"}],"replies":[{"embeddable":true,"href":"https:\/\/ursus.ee\/en\/wp-json\/wp\/v2\/comments?post=11411"}],"wp:featuredmedia":[{"embeddable":true,"href":"https:\/\/ursus.ee\/en\/wp-json\/wp\/v2\/media\/11412"}],"wp:attachment":[{"href":"https:\/\/ursus.ee\/en\/wp-json\/wp\/v2\/media?parent=11411"}],"wp:term":[{"taxonomy":"product_brand","embeddable":true,"href":"https:\/\/ursus.ee\/en\/wp-json\/wp\/v2\/product_brand?post=11411"},{"taxonomy":"product_cat","embeddable":true,"href":"https:\/\/ursus.ee\/en\/wp-json\/wp\/v2\/product_cat?post=11411"},{"taxonomy":"product_tag","embeddable":true,"href":"https:\/\/ursus.ee\/en\/wp-json\/wp\/v2\/product_tag?post=11411"}],"curies":[{"name":"wp","href":"https:\/\/api.w.org\/{rel}","templated":true}]}}