{"id":11405,"date":"2025-12-16T17:19:40","date_gmt":"2025-12-16T15:19:40","guid":{"rendered":"https:\/\/ursus.ee\/toode\/kangasmask-siluv-24k-kullaga-2\/"},"modified":"2026-03-27T16:21:35","modified_gmt":"2026-03-27T14:21:35","slug":"kangasmask-siluv-24k-kullaga-2","status":"publish","type":"product","link":"https:\/\/ursus.ee\/en\/toode\/kangasmask-siluv-24k-kullaga-2\/","title":{"rendered":"Kangasmask siluv 24k kullaga"},"content":{"rendered":"<p>S\u00fcgavuti taastav kangasmask on immutatud 20ml toitva seerumiga, mis sisaldab rohelist teed, h\u00fcalaroonhapet, jasmiini, lagritsat, kurgimahla, kummelit ja allantoiini, mis tagavad kohese naha seisukorra paranemise, \u00fchtlustavad naha pinda, taastavad jume ja v\u00e4hendavad m\u00e4rgatavalt kortse. Gyeon-Go Complex- kullaga rikastatud koostis on inspireeritud Korea nahahoolduse ja ilurituaalidest, mis aitab v\u00e4hendada naha vananemis- ja stressm\u00e4rke ja tagab naha niisutatuse. Hoolitsus j\u00e4tab naha siidiselt pehmeks, nooruslikuks ja tagab naha kauni jume.<\/p>\n","protected":false},"excerpt":{"rendered":"<p>S\u00fcgavuti taastav kangasmask on immutatud 20ml toitva seerumiga, mis sisaldab rohelist teed, h\u00fcalaroonhapet, jasmiini, lagritsat, kurgimahla, kummelit ja allantoiini, mis tagavad kohese naha seisukorra paranemise, \u00fchtlustavad naha pinda, taastavad jume ja v\u00e4hendavad m\u00e4rgatavalt kortse. Gyeon-Go Complex- kullaga rikastatud koostis on inspireeritud Korea nahahoolduse ja ilurituaalidest, mis aitab v\u00e4hendada naha vananemis- ja stressm\u00e4rke ja tagab naha<\/p>\n","protected":false},"featured_media":11406,"comment_status":"closed","ping_status":"open","template":"","meta":{"_acf_changed":false},"product_brand":[187],"product_cat":[188,192],"product_tag":[],"class_list":{"0":"post-11405","1":"product","2":"type-product","3":"status-publish","4":"has-post-thumbnail","6":"product_brand-eveline-cosmetics","7":"product_cat-naohooldus","8":"product_cat-naomaskid","9":"pa_kogus-1-tk","10":"pa_koostis-aqua-water-glycerin-butylene-glycol-glycereth-26-betaine-panthenol-camellia-sinensis-leaf-extract-xanthan-gum-cucumis-sativus-cucumber-fruit-extract-aloe-barbadensis-leaf-extract-cha","11":"pa_paritolumaa-poola","12":"pa_uhik-tk","14":"first","15":"instock","16":"purchasable","17":"product-type-simple"},"acf":[],"_links":{"self":[{"href":"https:\/\/ursus.ee\/en\/wp-json\/wp\/v2\/product\/11405","targetHints":{"allow":["GET"]}}],"collection":[{"href":"https:\/\/ursus.ee\/en\/wp-json\/wp\/v2\/product"}],"about":[{"href":"https:\/\/ursus.ee\/en\/wp-json\/wp\/v2\/types\/product"}],"replies":[{"embeddable":true,"href":"https:\/\/ursus.ee\/en\/wp-json\/wp\/v2\/comments?post=11405"}],"wp:featuredmedia":[{"embeddable":true,"href":"https:\/\/ursus.ee\/en\/wp-json\/wp\/v2\/media\/11406"}],"wp:attachment":[{"href":"https:\/\/ursus.ee\/en\/wp-json\/wp\/v2\/media?parent=11405"}],"wp:term":[{"taxonomy":"product_brand","embeddable":true,"href":"https:\/\/ursus.ee\/en\/wp-json\/wp\/v2\/product_brand?post=11405"},{"taxonomy":"product_cat","embeddable":true,"href":"https:\/\/ursus.ee\/en\/wp-json\/wp\/v2\/product_cat?post=11405"},{"taxonomy":"product_tag","embeddable":true,"href":"https:\/\/ursus.ee\/en\/wp-json\/wp\/v2\/product_tag?post=11405"}],"curies":[{"name":"wp","href":"https:\/\/api.w.org\/{rel}","templated":true}]}}