{"id":11403,"date":"2025-12-16T17:19:40","date_gmt":"2025-12-16T15:19:40","guid":{"rendered":"https:\/\/ursus.ee\/toode\/kangasmask-kollageeniga-2\/"},"modified":"2026-03-27T16:21:35","modified_gmt":"2026-03-27T14:21:35","slug":"kangasmask-kollageeniga-2","status":"publish","type":"product","link":"https:\/\/ursus.ee\/en\/toode\/kangasmask-kollageeniga-2\/","title":{"rendered":"Kangasmask kollageeniga"},"content":{"rendered":"<p>Pinguldav kangasmask on immutatud 20ml toitva seerumiga, mis sisaldab kollageeni, orhideed, kurgimahla, kummelit, aloe verat, pantenooli, valget paju, allantoiini, mis tagab naha kauni pinguldatusse, v\u00e4hendab n\u00e4htavalt kortse ja silub intensiivselt. Hwang \u2013Geum Perfector- kollageeniga koostis on inspireeritud Korea nahahoolduse ja ilurituaalidest, mis efektiivselt v\u00e4hendavad naha vananemise ja v\u00e4simuse m\u00e4rke, niisutab s\u00fcgavuti ja taastab naha loomulikku s\u00e4ra. N\u00e4omask j\u00e4tab naha silmn\u00e4htavalt siledamaks ja \u00fchtlasemaks.<\/p>\n","protected":false},"excerpt":{"rendered":"<p>Pinguldav kangasmask on immutatud 20ml toitva seerumiga, mis sisaldab kollageeni, orhideed, kurgimahla, kummelit, aloe verat, pantenooli, valget paju, allantoiini, mis tagab naha kauni pinguldatusse, v\u00e4hendab n\u00e4htavalt kortse ja silub intensiivselt. Hwang \u2013Geum Perfector- kollageeniga koostis on inspireeritud Korea nahahoolduse ja ilurituaalidest, mis efektiivselt v\u00e4hendavad naha vananemise ja v\u00e4simuse m\u00e4rke, niisutab s\u00fcgavuti ja taastab naha loomulikku<\/p>\n","protected":false},"featured_media":11404,"comment_status":"closed","ping_status":"open","template":"","meta":{"_acf_changed":false},"product_brand":[187],"product_cat":[188,192],"product_tag":[],"class_list":{"0":"post-11403","1":"product","2":"type-product","3":"status-publish","4":"has-post-thumbnail","6":"product_brand-eveline-cosmetics","7":"product_cat-naohooldus","8":"product_cat-naomaskid","9":"pa_kogus-1-tk","10":"pa_paritolumaa-poola","11":"pa_uhik-tk","13":"first","14":"instock","15":"purchasable","16":"product-type-simple"},"acf":[],"_links":{"self":[{"href":"https:\/\/ursus.ee\/en\/wp-json\/wp\/v2\/product\/11403","targetHints":{"allow":["GET"]}}],"collection":[{"href":"https:\/\/ursus.ee\/en\/wp-json\/wp\/v2\/product"}],"about":[{"href":"https:\/\/ursus.ee\/en\/wp-json\/wp\/v2\/types\/product"}],"replies":[{"embeddable":true,"href":"https:\/\/ursus.ee\/en\/wp-json\/wp\/v2\/comments?post=11403"}],"wp:featuredmedia":[{"embeddable":true,"href":"https:\/\/ursus.ee\/en\/wp-json\/wp\/v2\/media\/11404"}],"wp:attachment":[{"href":"https:\/\/ursus.ee\/en\/wp-json\/wp\/v2\/media?parent=11403"}],"wp:term":[{"taxonomy":"product_brand","embeddable":true,"href":"https:\/\/ursus.ee\/en\/wp-json\/wp\/v2\/product_brand?post=11403"},{"taxonomy":"product_cat","embeddable":true,"href":"https:\/\/ursus.ee\/en\/wp-json\/wp\/v2\/product_cat?post=11403"},{"taxonomy":"product_tag","embeddable":true,"href":"https:\/\/ursus.ee\/en\/wp-json\/wp\/v2\/product_tag?post=11403"}],"curies":[{"name":"wp","href":"https:\/\/api.w.org\/{rel}","templated":true}]}}