{"id":11401,"date":"2025-12-16T17:19:40","date_gmt":"2025-12-16T15:19:40","guid":{"rendered":"https:\/\/ursus.ee\/toode\/clean-shot-naokoorija-ensuumidega-2\/"},"modified":"2026-03-27T16:21:34","modified_gmt":"2026-03-27T14:21:34","slug":"clean-shot-naokoorija-ensuumidega-2","status":"publish","type":"product","link":"https:\/\/ursus.ee\/en\/toode\/clean-shot-naokoorija-ensuumidega-2\/","title":{"rendered":"Clean Shot n\u00e4okoorija ens\u00fc\u00fcmidega"},"content":{"rendered":"<p>Clean Shot n\u00e4okoorija ens\u00fc\u00fcmidega 75ml. Ens\u00fc\u00fcmidega n\u00e4okoorija on sobilik k\u00f5ikidele nahat\u00fc\u00fcpidele, sh ka tundlikule nahale. Aitab eemaldada kogunenud rasu, v\u00e4hendab pooride n\u00e4htavust ja \u00fchtlustab nahatooni. Koorija sisaldab 4 ens\u00fc\u00fcmi (k\u00f5rvits, papaiin, bromelaiin, fitsiin), mis aitavad eemaldada surnud naharakud ilma h\u00f5\u00f5rumiseta, j\u00e4ttes naha niisutatuks ja v\u00e4rskeks.<\/p>\n","protected":false},"excerpt":{"rendered":"<p>Clean Shot n\u00e4okoorija ens\u00fc\u00fcmidega 75ml. Ens\u00fc\u00fcmidega n\u00e4okoorija on sobilik k\u00f5ikidele nahat\u00fc\u00fcpidele, sh ka tundlikule nahale. Aitab eemaldada kogunenud rasu, v\u00e4hendab pooride n\u00e4htavust ja \u00fchtlustab nahatooni. Koorija sisaldab 4 ens\u00fc\u00fcmi (k\u00f5rvits, papaiin, bromelaiin, fitsiin), mis aitavad eemaldada surnud naharakud ilma h\u00f5\u00f5rumiseta, j\u00e4ttes naha niisutatuks ja v\u00e4rskeks.<\/p>\n","protected":false},"featured_media":11402,"comment_status":"closed","ping_status":"open","template":"","meta":{"_acf_changed":false},"product_brand":[187],"product_cat":[188,192],"product_tag":[],"class_list":{"0":"post-11401","1":"product","2":"type-product","3":"status-publish","4":"has-post-thumbnail","6":"product_brand-eveline-cosmetics","7":"product_cat-naohooldus","8":"product_cat-naomaskid","9":"pa_kogus-75-ml","10":"pa_koostis-aqua-water-glycerin-carbomer-triethanolamine-bromelain-ficin-papain-lactobacillus-pumpkin-fruit-ferment-filtrate-leuconostoc-radish-root-ferment-filtrate-glucose-phenoxyethanol-ethylhe","11":"pa_paritolumaa-poola","12":"pa_uhik-ml","14":"first","15":"instock","16":"purchasable","17":"product-type-simple"},"acf":[],"_links":{"self":[{"href":"https:\/\/ursus.ee\/en\/wp-json\/wp\/v2\/product\/11401","targetHints":{"allow":["GET"]}}],"collection":[{"href":"https:\/\/ursus.ee\/en\/wp-json\/wp\/v2\/product"}],"about":[{"href":"https:\/\/ursus.ee\/en\/wp-json\/wp\/v2\/types\/product"}],"replies":[{"embeddable":true,"href":"https:\/\/ursus.ee\/en\/wp-json\/wp\/v2\/comments?post=11401"}],"wp:featuredmedia":[{"embeddable":true,"href":"https:\/\/ursus.ee\/en\/wp-json\/wp\/v2\/media\/11402"}],"wp:attachment":[{"href":"https:\/\/ursus.ee\/en\/wp-json\/wp\/v2\/media?parent=11401"}],"wp:term":[{"taxonomy":"product_brand","embeddable":true,"href":"https:\/\/ursus.ee\/en\/wp-json\/wp\/v2\/product_brand?post=11401"},{"taxonomy":"product_cat","embeddable":true,"href":"https:\/\/ursus.ee\/en\/wp-json\/wp\/v2\/product_cat?post=11401"},{"taxonomy":"product_tag","embeddable":true,"href":"https:\/\/ursus.ee\/en\/wp-json\/wp\/v2\/product_tag?post=11401"}],"curies":[{"name":"wp","href":"https:\/\/api.w.org\/{rel}","templated":true}]}}