{"id":11399,"date":"2025-12-16T17:19:40","date_gmt":"2025-12-16T15:19:40","guid":{"rendered":"https:\/\/ursus.ee\/toode\/clean-shot-naokoorija-happega-2\/"},"modified":"2026-03-27T16:21:34","modified_gmt":"2026-03-27T14:21:34","slug":"clean-shot-naokoorija-happega-2","status":"publish","type":"product","link":"https:\/\/ursus.ee\/en\/toode\/clean-shot-naokoorija-happega-2\/","title":{"rendered":"Clean Shot n\u00e4okoorija happega"},"content":{"rendered":"<p>Clean Shot n\u00e4okoorija 10% AHA, BHA, PHA happekompleksidega 75ml. N\u00e4okoorija on sobilik k\u00f5ikidele nahat\u00fc\u00fcpidele, eriti tuhmile ja v\u00e4sinud nahale, koostises olevad happed aitavad taastada taastavad naha struktuuri. Koorija sisaldab happekompleksi, mis eemaldab t\u00f5husalt surnud naharakud, taastab s\u00e4ra ja muudab siidiselt siledaks. D-pantenool rahustab \u00e4rritust ja toetab taastumisprotsesse.<\/p>\n","protected":false},"excerpt":{"rendered":"<p>Clean Shot n\u00e4okoorija 10% AHA, BHA, PHA happekompleksidega 75ml. N\u00e4okoorija on sobilik k\u00f5ikidele nahat\u00fc\u00fcpidele, eriti tuhmile ja v\u00e4sinud nahale, koostises olevad happed aitavad taastada taastavad naha struktuuri. Koorija sisaldab happekompleksi, mis eemaldab t\u00f5husalt surnud naharakud, taastab s\u00e4ra ja muudab siidiselt siledaks. D-pantenool rahustab \u00e4rritust ja toetab taastumisprotsesse.<\/p>\n","protected":false},"featured_media":11400,"comment_status":"closed","ping_status":"open","template":"","meta":{"_acf_changed":false},"product_brand":[187],"product_cat":[188,192],"product_tag":[],"class_list":{"0":"post-11399","1":"product","2":"type-product","3":"status-publish","4":"has-post-thumbnail","6":"product_brand-eveline-cosmetics","7":"product_cat-naohooldus","8":"product_cat-naomaskid","9":"pa_kogus-75-ml","10":"pa_koostis-aqua-water-glycerin-glycolic-acid-propanediol-hydroxyethylcellulose-panthenol-lactobionic-acid-lactic-acid-malic-acid-salicylic-acid-citric-acid-sodium-hyaluronate-hyaluronic-acid","11":"pa_paritolumaa-poola","12":"pa_uhik-ml","14":"first","15":"instock","16":"purchasable","17":"product-type-simple"},"acf":[],"_links":{"self":[{"href":"https:\/\/ursus.ee\/en\/wp-json\/wp\/v2\/product\/11399","targetHints":{"allow":["GET"]}}],"collection":[{"href":"https:\/\/ursus.ee\/en\/wp-json\/wp\/v2\/product"}],"about":[{"href":"https:\/\/ursus.ee\/en\/wp-json\/wp\/v2\/types\/product"}],"replies":[{"embeddable":true,"href":"https:\/\/ursus.ee\/en\/wp-json\/wp\/v2\/comments?post=11399"}],"wp:featuredmedia":[{"embeddable":true,"href":"https:\/\/ursus.ee\/en\/wp-json\/wp\/v2\/media\/11400"}],"wp:attachment":[{"href":"https:\/\/ursus.ee\/en\/wp-json\/wp\/v2\/media?parent=11399"}],"wp:term":[{"taxonomy":"product_brand","embeddable":true,"href":"https:\/\/ursus.ee\/en\/wp-json\/wp\/v2\/product_brand?post=11399"},{"taxonomy":"product_cat","embeddable":true,"href":"https:\/\/ursus.ee\/en\/wp-json\/wp\/v2\/product_cat?post=11399"},{"taxonomy":"product_tag","embeddable":true,"href":"https:\/\/ursus.ee\/en\/wp-json\/wp\/v2\/product_tag?post=11399"}],"curies":[{"name":"wp","href":"https:\/\/api.w.org\/{rel}","templated":true}]}}