{"id":11397,"date":"2025-12-16T17:19:40","date_gmt":"2025-12-16T15:19:40","guid":{"rendered":"https:\/\/ursus.ee\/toode\/serum-shot-15-vitamiin-ccg-2\/"},"modified":"2026-03-27T16:21:37","modified_gmt":"2026-03-27T14:21:37","slug":"serum-shot-15-vitamiin-ccg-2","status":"publish","type":"product","link":"https:\/\/ursus.ee\/en\/toode\/serum-shot-15-vitamiin-ccg-2\/","title":{"rendered":"Serum shot 15% Vitamiin C+Cg"},"content":{"rendered":"<p>Seerum toidab ja silub nahka ning noorendab seda n\u00e4htavalt. C-vitamiin + Cg siluvad nahka ja \u00fchtlustavad v\u00e4rvimuutusi. Resveratrool taastab ja rahustab nahka, omades ka antioks\u00fcdantset toimet. H\u00fcaluroonhape hoolitseb niisutuse ja kortsude v\u00e4hendamise eest. Seerum taastab naha s\u00e4ra, silub ja toidab jumet!<\/p>\n","protected":false},"excerpt":{"rendered":"<p>Seerum toidab ja silub nahka ning noorendab seda n\u00e4htavalt. C-vitamiin + Cg siluvad nahka ja \u00fchtlustavad v\u00e4rvimuutusi. Resveratrool taastab ja rahustab nahka, omades ka antioks\u00fcdantset toimet. H\u00fcaluroonhape hoolitseb niisutuse ja kortsude v\u00e4hendamise eest. Seerum taastab naha s\u00e4ra, silub ja toidab jumet!<\/p>\n","protected":false},"featured_media":11398,"comment_status":"closed","ping_status":"open","template":"","meta":{"_acf_changed":false},"product_brand":[187],"product_cat":[188,205],"product_tag":[],"class_list":{"0":"post-11397","1":"product","2":"type-product","3":"status-publish","4":"has-post-thumbnail","6":"product_brand-eveline-cosmetics","7":"product_cat-naohooldus","8":"product_cat-naoseerumid","9":"pa_kogus-30-ml","10":"pa_koostis-aqua-water-ascorbic-acid-propanediol-peg-40-hydrogenated-castor-oil-sodium-hydroxide-pentylene-glycol-sodium-metabisulfite-12-hexanediol-resveratrol-ferulic-acid-retinyl-palmitate-ascor","11":"pa_paritolumaa-poola","12":"pa_uhik-ml","14":"first","15":"instock","16":"purchasable","17":"product-type-simple"},"acf":[],"_links":{"self":[{"href":"https:\/\/ursus.ee\/en\/wp-json\/wp\/v2\/product\/11397","targetHints":{"allow":["GET"]}}],"collection":[{"href":"https:\/\/ursus.ee\/en\/wp-json\/wp\/v2\/product"}],"about":[{"href":"https:\/\/ursus.ee\/en\/wp-json\/wp\/v2\/types\/product"}],"replies":[{"embeddable":true,"href":"https:\/\/ursus.ee\/en\/wp-json\/wp\/v2\/comments?post=11397"}],"wp:featuredmedia":[{"embeddable":true,"href":"https:\/\/ursus.ee\/en\/wp-json\/wp\/v2\/media\/11398"}],"wp:attachment":[{"href":"https:\/\/ursus.ee\/en\/wp-json\/wp\/v2\/media?parent=11397"}],"wp:term":[{"taxonomy":"product_brand","embeddable":true,"href":"https:\/\/ursus.ee\/en\/wp-json\/wp\/v2\/product_brand?post=11397"},{"taxonomy":"product_cat","embeddable":true,"href":"https:\/\/ursus.ee\/en\/wp-json\/wp\/v2\/product_cat?post=11397"},{"taxonomy":"product_tag","embeddable":true,"href":"https:\/\/ursus.ee\/en\/wp-json\/wp\/v2\/product_tag?post=11397"}],"curies":[{"name":"wp","href":"https:\/\/api.w.org\/{rel}","templated":true}]}}