{"id":11393,"date":"2025-12-16T17:19:40","date_gmt":"2025-12-16T15:19:40","guid":{"rendered":"https:\/\/ursus.ee\/toode\/korean-rituals-aha-bha-naokreem-siluv-50ml-2\/"},"modified":"2026-03-27T16:21:35","modified_gmt":"2026-03-27T14:21:35","slug":"korean-rituals-aha-bha-naokreem-siluv-50ml-2","status":"publish","type":"product","link":"https:\/\/ursus.ee\/en\/toode\/korean-rituals-aha-bha-naokreem-siluv-50ml-2\/","title":{"rendered":"Korean Rituals AHA BHA+ n\u00e4okreem siluv 50ml"},"content":{"rendered":"<p>AHA\/BHA+ siluv kreem Cream on ideaalne valik v\u00e4sinud, tuhmile, rasusele ja ebapuhtusega nahale. \u2022 Aktiivne mitme AHA ja BHA (\u00f5un-, salits\u00fc\u00fcl-, piimhape), teepuu ekstrakti, B3-vitamiini ja cica-ekstrakti kombinatsioon kiirendab surnud naharakkude eemaldamist, aidates t\u00f5hustada naha taastumisprotsesse. \u2022 AHA-d\/BHA-d aitavad v\u00e4hendada eba\u00fchtlust ja pigmentatsiooni ning v\u00e4hendada peente joonte ja kortsude n\u00e4htavust. Teepuu ekstrakt toetab \u00e4rritunud epidermise taastumist, samal ajal kui B3- vitamiin ja cica-ekstrakt v\u00e4hendavad punetust, pakkudes nahale pikaajalist leevendust.<\/p>\n","protected":false},"excerpt":{"rendered":"<p>AHA\/BHA+ siluv kreem Cream on ideaalne valik v\u00e4sinud, tuhmile, rasusele ja ebapuhtusega nahale. \u2022 Aktiivne mitme AHA ja BHA (\u00f5un-, salits\u00fc\u00fcl-, piimhape), teepuu ekstrakti, B3-vitamiini ja cica-ekstrakti kombinatsioon kiirendab surnud naharakkude eemaldamist, aidates t\u00f5hustada naha taastumisprotsesse. \u2022 AHA-d\/BHA-d aitavad v\u00e4hendada eba\u00fchtlust ja pigmentatsiooni ning v\u00e4hendada peente joonte ja kortsude n\u00e4htavust. Teepuu ekstrakt toetab \u00e4rritunud epidermise<\/p>\n","protected":false},"featured_media":11394,"comment_status":"closed","ping_status":"open","template":"","meta":{"_acf_changed":false},"product_brand":[187],"product_cat":[188,198],"product_tag":[],"class_list":{"0":"post-11393","1":"product","2":"type-product","3":"status-publish","4":"has-post-thumbnail","6":"product_brand-eveline-cosmetics","7":"product_cat-naohooldus","8":"product_cat-naokreemid","9":"pa_kogus-50-ml","10":"pa_paritolumaa-poola","11":"pa_uhik-ml","13":"first","14":"instock","15":"purchasable","16":"product-type-simple"},"acf":[],"_links":{"self":[{"href":"https:\/\/ursus.ee\/en\/wp-json\/wp\/v2\/product\/11393","targetHints":{"allow":["GET"]}}],"collection":[{"href":"https:\/\/ursus.ee\/en\/wp-json\/wp\/v2\/product"}],"about":[{"href":"https:\/\/ursus.ee\/en\/wp-json\/wp\/v2\/types\/product"}],"replies":[{"embeddable":true,"href":"https:\/\/ursus.ee\/en\/wp-json\/wp\/v2\/comments?post=11393"}],"wp:featuredmedia":[{"embeddable":true,"href":"https:\/\/ursus.ee\/en\/wp-json\/wp\/v2\/media\/11394"}],"wp:attachment":[{"href":"https:\/\/ursus.ee\/en\/wp-json\/wp\/v2\/media?parent=11393"}],"wp:term":[{"taxonomy":"product_brand","embeddable":true,"href":"https:\/\/ursus.ee\/en\/wp-json\/wp\/v2\/product_brand?post=11393"},{"taxonomy":"product_cat","embeddable":true,"href":"https:\/\/ursus.ee\/en\/wp-json\/wp\/v2\/product_cat?post=11393"},{"taxonomy":"product_tag","embeddable":true,"href":"https:\/\/ursus.ee\/en\/wp-json\/wp\/v2\/product_tag?post=11393"}],"curies":[{"name":"wp","href":"https:\/\/api.w.org\/{rel}","templated":true}]}}