{"id":11391,"date":"2025-12-16T17:19:40","date_gmt":"2025-12-16T15:19:40","guid":{"rendered":"https:\/\/ursus.ee\/toode\/korean-rituals-hyaluron-naokreem-niisutav-50ml-2\/"},"modified":"2026-03-27T16:21:35","modified_gmt":"2026-03-27T14:21:35","slug":"korean-rituals-hyaluron-naokreem-niisutav-50ml-2","status":"publish","type":"product","link":"https:\/\/ursus.ee\/en\/toode\/korean-rituals-hyaluron-naokreem-niisutav-50ml-2\/","title":{"rendered":"Korean Rituals Hyaluron+ n\u00e4okreem niisutav 50ml"},"content":{"rendered":"<p>Hyaluron+ niisutav kreem kuivale ja veetustunud nahale, p\u00e4rast happelisi v\u00f5i retinooliga hooldusi, samuti sagedase kokkupuute korral ebasoodsate keskkonnateguritega. \u2022 Aktiivne h\u00fcaluroonhappe, skvalaani ja aaloe vera kombinatsioon taastab naha niiskustasakaalu, rahustab ja tugevdab. \u2022 H\u00fcaluroonhape seob intensiivselt niiskust naha s\u00fcgavamates kihtides, ennetades kuivuse teket. Aaloe vera toetab naha taastumisprotsesse, samal ajal kui skvalaan loob loodusliku kaitsekihi, mis aitab saavutada sileda, pehmema ja elastsema naha efekti.<\/p>\n","protected":false},"excerpt":{"rendered":"<p>Hyaluron+ niisutav kreem kuivale ja veetustunud nahale, p\u00e4rast happelisi v\u00f5i retinooliga hooldusi, samuti sagedase kokkupuute korral ebasoodsate keskkonnateguritega. \u2022 Aktiivne h\u00fcaluroonhappe, skvalaani ja aaloe vera kombinatsioon taastab naha niiskustasakaalu, rahustab ja tugevdab. \u2022 H\u00fcaluroonhape seob intensiivselt niiskust naha s\u00fcgavamates kihtides, ennetades kuivuse teket. Aaloe vera toetab naha taastumisprotsesse, samal ajal kui skvalaan loob loodusliku kaitsekihi,<\/p>\n","protected":false},"featured_media":11392,"comment_status":"closed","ping_status":"open","template":"","meta":{"_acf_changed":false},"product_brand":[187],"product_cat":[188,198],"product_tag":[],"class_list":{"0":"post-11391","1":"product","2":"type-product","3":"status-publish","4":"has-post-thumbnail","6":"product_brand-eveline-cosmetics","7":"product_cat-naohooldus","8":"product_cat-naokreemid","9":"pa_kogus-50-ml","10":"pa_paritolumaa-poola","11":"pa_uhik-ml","13":"first","14":"instock","15":"purchasable","16":"product-type-simple"},"acf":[],"_links":{"self":[{"href":"https:\/\/ursus.ee\/en\/wp-json\/wp\/v2\/product\/11391","targetHints":{"allow":["GET"]}}],"collection":[{"href":"https:\/\/ursus.ee\/en\/wp-json\/wp\/v2\/product"}],"about":[{"href":"https:\/\/ursus.ee\/en\/wp-json\/wp\/v2\/types\/product"}],"replies":[{"embeddable":true,"href":"https:\/\/ursus.ee\/en\/wp-json\/wp\/v2\/comments?post=11391"}],"wp:featuredmedia":[{"embeddable":true,"href":"https:\/\/ursus.ee\/en\/wp-json\/wp\/v2\/media\/11392"}],"wp:attachment":[{"href":"https:\/\/ursus.ee\/en\/wp-json\/wp\/v2\/media?parent=11391"}],"wp:term":[{"taxonomy":"product_brand","embeddable":true,"href":"https:\/\/ursus.ee\/en\/wp-json\/wp\/v2\/product_brand?post=11391"},{"taxonomy":"product_cat","embeddable":true,"href":"https:\/\/ursus.ee\/en\/wp-json\/wp\/v2\/product_cat?post=11391"},{"taxonomy":"product_tag","embeddable":true,"href":"https:\/\/ursus.ee\/en\/wp-json\/wp\/v2\/product_tag?post=11391"}],"curies":[{"name":"wp","href":"https:\/\/api.w.org\/{rel}","templated":true}]}}