{"id":11389,"date":"2025-12-16T17:19:40","date_gmt":"2025-12-16T15:19:40","guid":{"rendered":"https:\/\/ursus.ee\/toode\/korean-rituals-ceramides-naokreem-uuendav-50ml-2\/"},"modified":"2026-03-27T16:21:35","modified_gmt":"2026-03-27T14:21:35","slug":"korean-rituals-ceramides-naokreem-uuendav-50ml-2","status":"publish","type":"product","link":"https:\/\/ursus.ee\/en\/toode\/korean-rituals-ceramides-naokreem-uuendav-50ml-2\/","title":{"rendered":"Korean Rituals Ceramides+ n\u00e4okreem uuendav 50ml"},"content":{"rendered":"<p>Ceramides+ taastav kreem on t\u00f5eline abimees nahale, mis vajab intensiivset taastamist, kohest toitmist ja t\u00f5husat kaitset. \u2022 Aktiivne fosfolipiidide, multikeramiidide, avokaado\u00f5li ja sheav\u00f5i kombinatsioon rahustab ja taastab naha normaalseid funktsioone, pakkudes tuge uuenemisprotsessides. \u2022 Multikeramiidid tugevdavad loomulikult naha immuunfunktsioone, taastades h\u00fcdrolipiidse barj\u00e4\u00e4ri. Fosfolipiidid taastavad \u00f5ige niiskustaseme ja hoolitsevad selle pikaajalise s\u00e4ilimise eest epidermises. Avokaado\u00f5li ja sheav\u00f5i varustavad nahka rasvhapetega, mis on h\u00e4davajalikud sileduse ja toitvuse saavutamiseks.<\/p>\n","protected":false},"excerpt":{"rendered":"<p>Ceramides+ taastav kreem on t\u00f5eline abimees nahale, mis vajab intensiivset taastamist, kohest toitmist ja t\u00f5husat kaitset. \u2022 Aktiivne fosfolipiidide, multikeramiidide, avokaado\u00f5li ja sheav\u00f5i kombinatsioon rahustab ja taastab naha normaalseid funktsioone, pakkudes tuge uuenemisprotsessides. \u2022 Multikeramiidid tugevdavad loomulikult naha immuunfunktsioone, taastades h\u00fcdrolipiidse barj\u00e4\u00e4ri. Fosfolipiidid taastavad \u00f5ige niiskustaseme ja hoolitsevad selle pikaajalise s\u00e4ilimise eest epidermises. Avokaado\u00f5li ja<\/p>\n","protected":false},"featured_media":11390,"comment_status":"closed","ping_status":"open","template":"","meta":{"_acf_changed":false},"product_brand":[187],"product_cat":[188,198],"product_tag":[],"class_list":{"0":"post-11389","1":"product","2":"type-product","3":"status-publish","4":"has-post-thumbnail","6":"product_brand-eveline-cosmetics","7":"product_cat-naohooldus","8":"product_cat-naokreemid","9":"pa_kogus-50-ml","10":"pa_paritolumaa-poola","11":"pa_uhik-ml","13":"first","14":"instock","15":"purchasable","16":"product-type-simple"},"acf":[],"_links":{"self":[{"href":"https:\/\/ursus.ee\/en\/wp-json\/wp\/v2\/product\/11389","targetHints":{"allow":["GET"]}}],"collection":[{"href":"https:\/\/ursus.ee\/en\/wp-json\/wp\/v2\/product"}],"about":[{"href":"https:\/\/ursus.ee\/en\/wp-json\/wp\/v2\/types\/product"}],"replies":[{"embeddable":true,"href":"https:\/\/ursus.ee\/en\/wp-json\/wp\/v2\/comments?post=11389"}],"wp:featuredmedia":[{"embeddable":true,"href":"https:\/\/ursus.ee\/en\/wp-json\/wp\/v2\/media\/11390"}],"wp:attachment":[{"href":"https:\/\/ursus.ee\/en\/wp-json\/wp\/v2\/media?parent=11389"}],"wp:term":[{"taxonomy":"product_brand","embeddable":true,"href":"https:\/\/ursus.ee\/en\/wp-json\/wp\/v2\/product_brand?post=11389"},{"taxonomy":"product_cat","embeddable":true,"href":"https:\/\/ursus.ee\/en\/wp-json\/wp\/v2\/product_cat?post=11389"},{"taxonomy":"product_tag","embeddable":true,"href":"https:\/\/ursus.ee\/en\/wp-json\/wp\/v2\/product_tag?post=11389"}],"curies":[{"name":"wp","href":"https:\/\/api.w.org\/{rel}","templated":true}]}}