{"id":11387,"date":"2025-12-16T17:19:40","date_gmt":"2025-12-16T15:19:40","guid":{"rendered":"https:\/\/ursus.ee\/toode\/korean-rituals-cica-naokreem-rahustav-50ml-2\/"},"modified":"2026-03-27T16:21:35","modified_gmt":"2026-03-27T14:21:35","slug":"korean-rituals-cica-naokreem-rahustav-50ml-2","status":"publish","type":"product","link":"https:\/\/ursus.ee\/en\/toode\/korean-rituals-cica-naokreem-rahustav-50ml-2\/","title":{"rendered":"Korean Rituals Cica+ n\u00e4okreem rahustav 50ml"},"content":{"rendered":"<p>Cica+ rahustav kreem toimib kaitsekompressina, tuues nahale kiire ja pikaajalise leevenduse tunde. Rahustab punetust, aitab v\u00e4hendada \u00e4rritust ja tagab pikaajalise niisutuse. \u2022 Aktiivne niatsiinamiidi, pantenooli ja Centella asiatica ekstrakti kombinatsioon v\u00e4hendab rasueritust ja kiirendab h\u00fcdrolipiidse barj\u00e4\u00e4ri taastumist. \u2022 Niatsiinamiid stabiliseerib naha kaitsebarj\u00e4\u00e4ri toimimist, parandab jumet ja silub nahka. Centella asiatica taastab nahka ning v\u00e4hendab pigmentatsioonikalduvust. Pantenool rahustab punetust ja v\u00e4hendab ebamugavustunnet.<\/p>\n","protected":false},"excerpt":{"rendered":"<p>Cica+ rahustav kreem toimib kaitsekompressina, tuues nahale kiire ja pikaajalise leevenduse tunde. Rahustab punetust, aitab v\u00e4hendada \u00e4rritust ja tagab pikaajalise niisutuse. \u2022 Aktiivne niatsiinamiidi, pantenooli ja Centella asiatica ekstrakti kombinatsioon v\u00e4hendab rasueritust ja kiirendab h\u00fcdrolipiidse barj\u00e4\u00e4ri taastumist. \u2022 Niatsiinamiid stabiliseerib naha kaitsebarj\u00e4\u00e4ri toimimist, parandab jumet ja silub nahka. Centella asiatica taastab nahka ning v\u00e4hendab pigmentatsioonikalduvust.<\/p>\n","protected":false},"featured_media":11388,"comment_status":"closed","ping_status":"open","template":"","meta":{"_acf_changed":false},"product_brand":[187],"product_cat":[188,198],"product_tag":[],"class_list":{"0":"post-11387","1":"product","2":"type-product","3":"status-publish","4":"has-post-thumbnail","6":"product_brand-eveline-cosmetics","7":"product_cat-naohooldus","8":"product_cat-naokreemid","9":"pa_kogus-50-ml","10":"pa_paritolumaa-poola","11":"pa_uhik-ml","13":"first","14":"instock","15":"purchasable","16":"product-type-simple"},"acf":[],"_links":{"self":[{"href":"https:\/\/ursus.ee\/en\/wp-json\/wp\/v2\/product\/11387","targetHints":{"allow":["GET"]}}],"collection":[{"href":"https:\/\/ursus.ee\/en\/wp-json\/wp\/v2\/product"}],"about":[{"href":"https:\/\/ursus.ee\/en\/wp-json\/wp\/v2\/types\/product"}],"replies":[{"embeddable":true,"href":"https:\/\/ursus.ee\/en\/wp-json\/wp\/v2\/comments?post=11387"}],"wp:featuredmedia":[{"embeddable":true,"href":"https:\/\/ursus.ee\/en\/wp-json\/wp\/v2\/media\/11388"}],"wp:attachment":[{"href":"https:\/\/ursus.ee\/en\/wp-json\/wp\/v2\/media?parent=11387"}],"wp:term":[{"taxonomy":"product_brand","embeddable":true,"href":"https:\/\/ursus.ee\/en\/wp-json\/wp\/v2\/product_brand?post=11387"},{"taxonomy":"product_cat","embeddable":true,"href":"https:\/\/ursus.ee\/en\/wp-json\/wp\/v2\/product_cat?post=11387"},{"taxonomy":"product_tag","embeddable":true,"href":"https:\/\/ursus.ee\/en\/wp-json\/wp\/v2\/product_tag?post=11387"}],"curies":[{"name":"wp","href":"https:\/\/api.w.org\/{rel}","templated":true}]}}