{"id":11385,"date":"2025-12-16T17:19:40","date_gmt":"2025-12-16T15:19:40","guid":{"rendered":"https:\/\/ursus.ee\/toode\/cica-skin-rahustav-naopuhastusgeel-oli-2\/"},"modified":"2026-03-27T16:21:34","modified_gmt":"2026-03-27T14:21:34","slug":"cica-skin-rahustav-naopuhastusgeel-oli-2","status":"publish","type":"product","link":"https:\/\/ursus.ee\/en\/toode\/cica-skin-rahustav-naopuhastusgeel-oli-2\/","title":{"rendered":"Cica Skin rahustav n\u00e4opuhastusgeel-\u00f5li"},"content":{"rendered":"<p>Rahustav n\u00e4opuhastusgeel-\u00f5li CICA SKIN puhastab nahka t\u00f5husalt, eemaldab meigi ja liigse rasu, j\u00e4ttes naha ideaalselt siledaks ja rahustatuks. Ei kahjusta naha loomulikku kaitsekihti, niisutab, taastab ja v\u00e4rskendab nahka, pakkudes mugavustunnet juba esimesest puhastamise etapist alates.<\/p>\n","protected":false},"excerpt":{"rendered":"<p>Rahustav n\u00e4opuhastusgeel-\u00f5li CICA SKIN puhastab nahka t\u00f5husalt, eemaldab meigi ja liigse rasu, j\u00e4ttes naha ideaalselt siledaks ja rahustatuks. Ei kahjusta naha loomulikku kaitsekihti, niisutab, taastab ja v\u00e4rskendab nahka, pakkudes mugavustunnet juba esimesest puhastamise etapist alates.<\/p>\n","protected":false},"featured_media":11386,"comment_status":"closed","ping_status":"open","template":"","meta":{"_acf_changed":false},"product_brand":[187],"product_cat":[188,189],"product_tag":[],"class_list":{"0":"post-11385","1":"product","2":"type-product","3":"status-publish","4":"has-post-thumbnail","6":"product_brand-eveline-cosmetics","7":"product_cat-naohooldus","8":"product_cat-naopuhastus","9":"pa_kogus-145-ml","10":"pa_koostis-aqua-water-glycerin-coco-glucoside-carbomer-centella-asiatica-leaf-extract-lactobacillus-centella-asiatica-extract-ferment-centella-asiatica-callus-extracellular-vesicles-madecassoside-sh-o","11":"pa_paritolumaa-poola","12":"pa_uhik-ml","14":"first","15":"instock","16":"purchasable","17":"product-type-simple"},"acf":[],"_links":{"self":[{"href":"https:\/\/ursus.ee\/en\/wp-json\/wp\/v2\/product\/11385","targetHints":{"allow":["GET"]}}],"collection":[{"href":"https:\/\/ursus.ee\/en\/wp-json\/wp\/v2\/product"}],"about":[{"href":"https:\/\/ursus.ee\/en\/wp-json\/wp\/v2\/types\/product"}],"replies":[{"embeddable":true,"href":"https:\/\/ursus.ee\/en\/wp-json\/wp\/v2\/comments?post=11385"}],"wp:featuredmedia":[{"embeddable":true,"href":"https:\/\/ursus.ee\/en\/wp-json\/wp\/v2\/media\/11386"}],"wp:attachment":[{"href":"https:\/\/ursus.ee\/en\/wp-json\/wp\/v2\/media?parent=11385"}],"wp:term":[{"taxonomy":"product_brand","embeddable":true,"href":"https:\/\/ursus.ee\/en\/wp-json\/wp\/v2\/product_brand?post=11385"},{"taxonomy":"product_cat","embeddable":true,"href":"https:\/\/ursus.ee\/en\/wp-json\/wp\/v2\/product_cat?post=11385"},{"taxonomy":"product_tag","embeddable":true,"href":"https:\/\/ursus.ee\/en\/wp-json\/wp\/v2\/product_tag?post=11385"}],"curies":[{"name":"wp","href":"https:\/\/api.w.org\/{rel}","templated":true}]}}