{"id":11383,"date":"2025-12-16T17:19:40","date_gmt":"2025-12-16T15:19:40","guid":{"rendered":"https:\/\/ursus.ee\/toode\/cica-skin-niisutav-ja-rahustav-naoseerum-2\/"},"modified":"2026-03-27T16:21:34","modified_gmt":"2026-03-27T14:21:34","slug":"cica-skin-niisutav-ja-rahustav-naoseerum-2","status":"publish","type":"product","link":"https:\/\/ursus.ee\/en\/toode\/cica-skin-niisutav-ja-rahustav-naoseerum-2\/","title":{"rendered":"Cica Skin niisutav ja rahustav n\u00e4oseerum"},"content":{"rendered":"<p>Niisutav ja rahustav superseerum CICA SKIN rahustab, niisutab s\u00fcgavuti ja taastab nahka koheselt, pakkudes kauakestvat mugavustunnet. Nelja t\u00fc\u00fcpi CICA ja toitva kompleksiga rikastatud t\u00e4iustatud koostis toetab naha mikrobioomi, tugevdab h\u00fcdrolipiidbarj\u00e4\u00e4ri ja k\u00f5rvaldab ebamugavustunde.<\/p>\n","protected":false},"excerpt":{"rendered":"<p>Niisutav ja rahustav superseerum CICA SKIN rahustab, niisutab s\u00fcgavuti ja taastab nahka koheselt, pakkudes kauakestvat mugavustunnet. Nelja t\u00fc\u00fcpi CICA ja toitva kompleksiga rikastatud t\u00e4iustatud koostis toetab naha mikrobioomi, tugevdab h\u00fcdrolipiidbarj\u00e4\u00e4ri ja k\u00f5rvaldab ebamugavustunde.<\/p>\n","protected":false},"featured_media":11384,"comment_status":"closed","ping_status":"open","template":"","meta":{"_acf_changed":false},"product_brand":[187],"product_cat":[188,205],"product_tag":[],"class_list":{"0":"post-11383","1":"product","2":"type-product","3":"status-publish","4":"has-post-thumbnail","6":"product_brand-eveline-cosmetics","7":"product_cat-naohooldus","8":"product_cat-naoseerumid","9":"pa_kogus-30-ml","10":"pa_koostis-aqua-water-propanediol-glycereth-26-butylene-glycol-isononyl-isononanoate-tripelargonin-squalane-pentylene-glycol-madecassoside-centella-asiatica-callus-extracellular-vesicles-lactobacill","11":"pa_paritolumaa-poola","12":"pa_uhik-ml","14":"first","15":"instock","16":"purchasable","17":"product-type-simple"},"acf":[],"_links":{"self":[{"href":"https:\/\/ursus.ee\/en\/wp-json\/wp\/v2\/product\/11383","targetHints":{"allow":["GET"]}}],"collection":[{"href":"https:\/\/ursus.ee\/en\/wp-json\/wp\/v2\/product"}],"about":[{"href":"https:\/\/ursus.ee\/en\/wp-json\/wp\/v2\/types\/product"}],"replies":[{"embeddable":true,"href":"https:\/\/ursus.ee\/en\/wp-json\/wp\/v2\/comments?post=11383"}],"wp:featuredmedia":[{"embeddable":true,"href":"https:\/\/ursus.ee\/en\/wp-json\/wp\/v2\/media\/11384"}],"wp:attachment":[{"href":"https:\/\/ursus.ee\/en\/wp-json\/wp\/v2\/media?parent=11383"}],"wp:term":[{"taxonomy":"product_brand","embeddable":true,"href":"https:\/\/ursus.ee\/en\/wp-json\/wp\/v2\/product_brand?post=11383"},{"taxonomy":"product_cat","embeddable":true,"href":"https:\/\/ursus.ee\/en\/wp-json\/wp\/v2\/product_cat?post=11383"},{"taxonomy":"product_tag","embeddable":true,"href":"https:\/\/ursus.ee\/en\/wp-json\/wp\/v2\/product_tag?post=11383"}],"curies":[{"name":"wp","href":"https:\/\/api.w.org\/{rel}","templated":true}]}}