{"id":11381,"date":"2025-12-16T17:19:40","date_gmt":"2025-12-16T15:19:40","guid":{"rendered":"https:\/\/ursus.ee\/toode\/cica-skin-niisutav-ja-tooniv-cc-kreem-2\/"},"modified":"2026-03-27T16:21:34","modified_gmt":"2026-03-27T14:21:34","slug":"cica-skin-niisutav-ja-tooniv-cc-kreem-2","status":"publish","type":"product","link":"https:\/\/ursus.ee\/en\/toode\/cica-skin-niisutav-ja-tooniv-cc-kreem-2\/","title":{"rendered":"Cica Skin niisutav ja tooniv CC-kreem"},"content":{"rendered":"<p>Niisutav ja nahatooni \u00fchtlustav CC-kreem CICA SKIN \u00fchendab endas nahahoolduse eelised nahatooni korrigeerimisega. Rikastatud nelja CICA vormi, viie kasvufaktori ja mineraalpigmentidega, niisutab, taastab ja katab ebat\u00e4iusi. Nahk muutub siledamaks, s\u00e4ravamaks ja \u00fchtlasemaks.<\/p>\n","protected":false},"excerpt":{"rendered":"<p>Niisutav ja nahatooni \u00fchtlustav CC-kreem CICA SKIN \u00fchendab endas nahahoolduse eelised nahatooni korrigeerimisega. Rikastatud nelja CICA vormi, viie kasvufaktori ja mineraalpigmentidega, niisutab, taastab ja katab ebat\u00e4iusi. Nahk muutub siledamaks, s\u00e4ravamaks ja \u00fchtlasemaks.<\/p>\n","protected":false},"featured_media":11382,"comment_status":"closed","ping_status":"open","template":"","meta":{"_acf_changed":false},"product_brand":[187],"product_cat":[188,198],"product_tag":[],"class_list":{"0":"post-11381","1":"product","2":"type-product","3":"status-publish","4":"has-post-thumbnail","6":"product_brand-eveline-cosmetics","7":"product_cat-naohooldus","8":"product_cat-naokreemid","9":"pa_kogus-30-ml","10":"pa_koostis-aqua-water-dimethicone-isododecane-glycerin-bis-peg-ppg-14-14-dimethicone-isodecyl-neopentanoate-ci-77891-titanium-dioxide-polyglyceryl-2-dipolyhydroxystearate-sodium-chloride-hydrogenat","11":"pa_paritolumaa-poola","12":"pa_uhik-ml","14":"first","15":"instock","16":"purchasable","17":"product-type-simple"},"acf":[],"_links":{"self":[{"href":"https:\/\/ursus.ee\/en\/wp-json\/wp\/v2\/product\/11381","targetHints":{"allow":["GET"]}}],"collection":[{"href":"https:\/\/ursus.ee\/en\/wp-json\/wp\/v2\/product"}],"about":[{"href":"https:\/\/ursus.ee\/en\/wp-json\/wp\/v2\/types\/product"}],"replies":[{"embeddable":true,"href":"https:\/\/ursus.ee\/en\/wp-json\/wp\/v2\/comments?post=11381"}],"wp:featuredmedia":[{"embeddable":true,"href":"https:\/\/ursus.ee\/en\/wp-json\/wp\/v2\/media\/11382"}],"wp:attachment":[{"href":"https:\/\/ursus.ee\/en\/wp-json\/wp\/v2\/media?parent=11381"}],"wp:term":[{"taxonomy":"product_brand","embeddable":true,"href":"https:\/\/ursus.ee\/en\/wp-json\/wp\/v2\/product_brand?post=11381"},{"taxonomy":"product_cat","embeddable":true,"href":"https:\/\/ursus.ee\/en\/wp-json\/wp\/v2\/product_cat?post=11381"},{"taxonomy":"product_tag","embeddable":true,"href":"https:\/\/ursus.ee\/en\/wp-json\/wp\/v2\/product_tag?post=11381"}],"curies":[{"name":"wp","href":"https:\/\/api.w.org\/{rel}","templated":true}]}}