{"id":11379,"date":"2025-12-16T17:19:40","date_gmt":"2025-12-16T15:19:40","guid":{"rendered":"https:\/\/ursus.ee\/toode\/cica-skin-niisutav-ja-toitev-naokreem-2\/"},"modified":"2026-03-27T16:21:34","modified_gmt":"2026-03-27T14:21:34","slug":"cica-skin-niisutav-ja-toitev-naokreem-2","status":"publish","type":"product","link":"https:\/\/ursus.ee\/en\/toode\/cica-skin-niisutav-ja-toitev-naokreem-2\/","title":{"rendered":"Cica Skin Niisutav ja toitev n\u00e4okreem"},"content":{"rendered":"<p>CICA SKIN niisutav ja toitev n\u00e4okreem pakub kohest mugavust ja leevendust, v\u00e4hendades pingul tunnet ja \u00e4rritusn\u00e4hte. Nelja CICA vormi, viie kasvufaktori ja trehaloosi kombinatsiooniga taastab, niisutab ja toetab naha kaitsebarj\u00e4\u00e4ri taastumist s\u00fcgavuti. Nahk muutub siledamaks, elastsemaks ja s\u00e4ravamaks.<\/p>\n","protected":false},"excerpt":{"rendered":"<p>CICA SKIN niisutav ja toitev n\u00e4okreem pakub kohest mugavust ja leevendust, v\u00e4hendades pingul tunnet ja \u00e4rritusn\u00e4hte. Nelja CICA vormi, viie kasvufaktori ja trehaloosi kombinatsiooniga taastab, niisutab ja toetab naha kaitsebarj\u00e4\u00e4ri taastumist s\u00fcgavuti. Nahk muutub siledamaks, elastsemaks ja s\u00e4ravamaks.<\/p>\n","protected":false},"featured_media":11380,"comment_status":"closed","ping_status":"open","template":"","meta":{"_acf_changed":false},"product_brand":[187],"product_cat":[188,198],"product_tag":[],"class_list":{"0":"post-11379","1":"product","2":"type-product","3":"status-publish","4":"has-post-thumbnail","6":"product_brand-eveline-cosmetics","7":"product_cat-naohooldus","8":"product_cat-naokreemid","9":"pa_kogus-50-ml","10":"pa_koostis-aqua-water-ethylhexyl-stearate-caprylic-capric-triglyceride-glycerin-cetearyl-alcohol-behenyl-alcohol-butyrospermum-parkii-butter-pentaerythrityl-distearate-prunus-amygdalus-dulcis-oil-mac","11":"pa_paritolumaa-poola","12":"pa_uhik-ml","14":"first","15":"instock","16":"purchasable","17":"product-type-simple"},"acf":[],"_links":{"self":[{"href":"https:\/\/ursus.ee\/en\/wp-json\/wp\/v2\/product\/11379","targetHints":{"allow":["GET"]}}],"collection":[{"href":"https:\/\/ursus.ee\/en\/wp-json\/wp\/v2\/product"}],"about":[{"href":"https:\/\/ursus.ee\/en\/wp-json\/wp\/v2\/types\/product"}],"replies":[{"embeddable":true,"href":"https:\/\/ursus.ee\/en\/wp-json\/wp\/v2\/comments?post=11379"}],"wp:featuredmedia":[{"embeddable":true,"href":"https:\/\/ursus.ee\/en\/wp-json\/wp\/v2\/media\/11380"}],"wp:attachment":[{"href":"https:\/\/ursus.ee\/en\/wp-json\/wp\/v2\/media?parent=11379"}],"wp:term":[{"taxonomy":"product_brand","embeddable":true,"href":"https:\/\/ursus.ee\/en\/wp-json\/wp\/v2\/product_brand?post=11379"},{"taxonomy":"product_cat","embeddable":true,"href":"https:\/\/ursus.ee\/en\/wp-json\/wp\/v2\/product_cat?post=11379"},{"taxonomy":"product_tag","embeddable":true,"href":"https:\/\/ursus.ee\/en\/wp-json\/wp\/v2\/product_tag?post=11379"}],"curies":[{"name":"wp","href":"https:\/\/api.w.org\/{rel}","templated":true}]}}